{"id":3293,"date":"2023-02-17T13:36:50","date_gmt":"2023-02-17T12:36:50","guid":{"rendered":"https:\/\/www.independance-am.com\/informations-reglementaires\/"},"modified":"2023-03-17T17:41:14","modified_gmt":"2023-03-17T16:41:14","slug":"informaciones-reglementarias","status":"publish","type":"page","link":"https:\/\/www.independance-am.com\/es\/informaciones-reglementarias\/","title":{"rendered":"Informaciones reglementarias"},"content":{"rendered":"<p>[et_pb_section fb_built=&#8221;1&#8243; _builder_version=&#8221;4.19.0&#8243; _module_preset=&#8221;default&#8221; background_color=&#8221;#0F2B48&#8243; background_image=&#8221;https:\/\/www.independance-am.com\/wp-content\/uploads\/2022\/11\/fond-arbre-bleu-1.svg&#8221; custom_padding=&#8221;145px|||||&#8221; global_module=&#8221;761&#8243; saved_tabs=&#8221;all&#8221; global_colors_info=&#8221;{}&#8221;][et_pb_row _builder_version=&#8221;4.19.0&#8243; _module_preset=&#8221;default&#8221; global_colors_info=&#8221;{}&#8221;][et_pb_column type=&#8221;4_4&#8243; _builder_version=&#8221;4.19.0&#8243; _module_preset=&#8221;default&#8221; global_colors_info=&#8221;{}&#8221;][et_pb_post_title _builder_version=&#8221;4.19.0&#8243; _module_preset=&#8221;default&#8221; global_colors_info=&#8221;{}&#8221;][\/et_pb_post_title][\/et_pb_column][\/et_pb_row][\/et_pb_section][et_pb_section fb_built=&#8221;1&#8243; _builder_version=&#8221;4.19.0&#8243; _module_preset=&#8221;default&#8221; global_colors_info=&#8221;{}&#8221;][et_pb_row _builder_version=&#8221;4.19.0&#8243; _module_preset=&#8221;default&#8221; global_colors_info=&#8221;{}&#8221;][et_pb_column type=&#8221;4_4&#8243; _builder_version=&#8221;4.19.0&#8243; _module_preset=&#8221;default&#8221; global_colors_info=&#8221;{}&#8221;][et_pb_text _builder_version=&#8221;4.19.0&#8243; _module_preset=&#8221;default&#8221; max_width=&#8221;700px&#8221; module_alignment=&#8221;center&#8221; global_colors_info=&#8221;{}&#8221;]<\/p>\n<p>Documents \u00e0 t\u00e9l\u00e9charger :<\/p>\n<p>&nbsp;<\/p>\n<ul>\n<li><a href=\"https:\/\/www.independance-am.com\/wp-content\/uploads\/2023\/02\/remuneration-policy-ie-am-sa-13-december-2022.pdf\" target=\"_blank\" rel=\"noopener\">Politique de r\u00e9mun\u00e9ration<\/a><\/li>\n<li><a href=\"https:\/\/www.independance-am.com\/wp-content\/uploads\/2023\/02\/client-complaints-handling-procedure-2023.pdf\" target=\"_blank\" rel=\"noopener\">Politique de gestion des plaintes<\/a><\/li>\n<li><a href=\"https:\/\/www.independance-am.com\/wp-content\/uploads\/2023\/02\/best-execution-policy-2023.pdf\" target=\"_blank\" rel=\"noopener\">Politique de best execution<\/a><\/li>\n<\/ul>\n<p>[\/et_pb_text][et_pb_text _builder_version=&#8221;4.19.0&#8243; _module_preset=&#8221;default&#8221; text_font_size=&#8221;12px&#8221; text_line_height=&#8221;16px&#8221; max_width=&#8221;700px&#8221; module_alignment=&#8221;center&#8221; global_colors_info=&#8221;{}&#8221;]<\/p>\n<p style=\"text-align: justify;\">Toute souscription dans une Sicav ou dans un produit doit se faire apr\u00e8s avoir pris connaissance des documents r\u00e9glementaires en vigueur. Le prospectus, DIC (document d&#8217;informations cl\u00e9s) de chaque compartiment agr\u00e9\u00e9 et\/ou vis\u00e9 par la Commission de Surveillance du Secteur Financier (CSSF) sont accessibles sur ce site. L&#8217;investissement dans des instruments financiers pr\u00e9sente un risque de perte en capital. La valeur d&#8217;une Sicav \u00e9tant le reflet de la valeur des titres et des actifs d\u00e9tenus sont soumis aux variations des march\u00e9s boursiers. La Sicav est non garantie en capital.<\/p>\n<p>[\/et_pb_text][\/et_pb_column][\/et_pb_row][\/et_pb_section]<\/p>\n","protected":false},"excerpt":{"rendered":"<p>Documents \u00e0 t\u00e9l\u00e9charger : &nbsp; Politique de r\u00e9mun\u00e9ration Politique de gestion des plaintes Politique de best execution Toute souscription dans une Sicav ou dans un produit doit se faire apr\u00e8s avoir pris connaissance des documents r\u00e9glementaires en vigueur. Le prospectus, DIC (document d&#8217;informations cl\u00e9s) de chaque compartiment agr\u00e9\u00e9 et\/ou vis\u00e9 par la Commission de Surveillance [&hellip;]<\/p>\n","protected":false},"author":1,"featured_media":0,"parent":0,"menu_order":0,"comment_status":"closed","ping_status":"closed","template":"","meta":{"_acf_changed":false,"_et_pb_use_builder":"on","_et_pb_old_content":"<!-- wp:divi\/placeholder \/-->","_et_gb_content_width":"","footnotes":""},"class_list":["post-3293","page","type-page","status-publish","hentry"],"acf":[],"yoast_head":"<!-- This site is optimized with the Yoast SEO plugin v26.7 - https:\/\/yoast.com\/wordpress\/plugins\/seo\/ -->\n<title>Informaciones reglementarias - Ind\u00e9pendance AM<\/title>\n<meta name=\"robots\" content=\"index, follow, max-snippet:-1, max-image-preview:large, max-video-preview:-1\" \/>\n<link rel=\"canonical\" href=\"https:\/\/www.independance-am.com\/es\/informaciones-reglementarias\/\" \/>\n<meta property=\"og:locale\" content=\"es_ES\" \/>\n<meta property=\"og:type\" content=\"article\" \/>\n<meta property=\"og:title\" content=\"Informaciones reglementarias - Ind\u00e9pendance AM\" \/>\n<meta property=\"og:description\" content=\"Documents \u00e0 t\u00e9l\u00e9charger : &nbsp; Politique de r\u00e9mun\u00e9ration Politique de gestion des plaintes Politique de best execution Toute souscription dans une Sicav ou dans un produit doit se faire apr\u00e8s avoir pris connaissance des documents r\u00e9glementaires en vigueur. Le prospectus, DIC (document d&#039;informations cl\u00e9s) de chaque compartiment agr\u00e9\u00e9 et\/ou vis\u00e9 par la Commission de Surveillance [&hellip;]\" \/>\n<meta property=\"og:url\" content=\"https:\/\/www.independance-am.com\/es\/informaciones-reglementarias\/\" \/>\n<meta property=\"og:site_name\" content=\"Ind\u00e9pendance AM\" \/>\n<meta property=\"article:modified_time\" content=\"2023-03-17T16:41:14+00:00\" \/>\n<meta name=\"twitter:card\" content=\"summary_large_image\" \/>\n<meta name=\"twitter:label1\" content=\"Est. reading time\" \/>\n\t<meta name=\"twitter:data1\" content=\"1 minute\" \/>\n<script type=\"application\/ld+json\" class=\"yoast-schema-graph\">{\"@context\":\"https:\/\/schema.org\",\"@graph\":[{\"@type\":\"WebPage\",\"@id\":\"https:\/\/www.independance-am.com\/es\/informaciones-reglementarias\/\",\"url\":\"https:\/\/www.independance-am.com\/es\/informaciones-reglementarias\/\",\"name\":\"Informaciones reglementarias - Ind\u00e9pendance AM\",\"isPartOf\":{\"@id\":\"https:\/\/www.independance-am.com\/#website\"},\"datePublished\":\"2023-02-17T12:36:50+00:00\",\"dateModified\":\"2023-03-17T16:41:14+00:00\",\"breadcrumb\":{\"@id\":\"https:\/\/www.independance-am.com\/es\/informaciones-reglementarias\/#breadcrumb\"},\"inLanguage\":\"es-ES\",\"potentialAction\":[{\"@type\":\"ReadAction\",\"target\":[\"https:\/\/www.independance-am.com\/es\/informaciones-reglementarias\/\"]}]},{\"@type\":\"BreadcrumbList\",\"@id\":\"https:\/\/www.independance-am.com\/es\/informaciones-reglementarias\/#breadcrumb\",\"itemListElement\":[{\"@type\":\"ListItem\",\"position\":1,\"name\":\"Accueil\",\"item\":\"https:\/\/www.independance-am.com\/es\/\"},{\"@type\":\"ListItem\",\"position\":2,\"name\":\"Informaciones reglementarias\"}]},{\"@type\":\"WebSite\",\"@id\":\"https:\/\/www.independance-am.com\/#website\",\"url\":\"https:\/\/www.independance-am.com\/\",\"name\":\"Ind\u00e9pendance AM\",\"description\":\"\",\"potentialAction\":[{\"@type\":\"SearchAction\",\"target\":{\"@type\":\"EntryPoint\",\"urlTemplate\":\"https:\/\/www.independance-am.com\/?s={search_term_string}\"},\"query-input\":{\"@type\":\"PropertyValueSpecification\",\"valueRequired\":true,\"valueName\":\"search_term_string\"}}],\"inLanguage\":\"es-ES\"}]}<\/script>\n<!-- \/ Yoast SEO plugin. -->","yoast_head_json":{"title":"Informaciones reglementarias - Ind\u00e9pendance AM","robots":{"index":"index","follow":"follow","max-snippet":"max-snippet:-1","max-image-preview":"max-image-preview:large","max-video-preview":"max-video-preview:-1"},"canonical":"https:\/\/www.independance-am.com\/es\/informaciones-reglementarias\/","og_locale":"es_ES","og_type":"article","og_title":"Informaciones reglementarias - Ind\u00e9pendance AM","og_description":"Documents \u00e0 t\u00e9l\u00e9charger : &nbsp; Politique de r\u00e9mun\u00e9ration Politique de gestion des plaintes Politique de best execution Toute souscription dans une Sicav ou dans un produit doit se faire apr\u00e8s avoir pris connaissance des documents r\u00e9glementaires en vigueur. Le prospectus, DIC (document d'informations cl\u00e9s) de chaque compartiment agr\u00e9\u00e9 et\/ou vis\u00e9 par la Commission de Surveillance [&hellip;]","og_url":"https:\/\/www.independance-am.com\/es\/informaciones-reglementarias\/","og_site_name":"Ind\u00e9pendance AM","article_modified_time":"2023-03-17T16:41:14+00:00","twitter_card":"summary_large_image","twitter_misc":{"Est. reading time":"1 minute"},"schema":{"@context":"https:\/\/schema.org","@graph":[{"@type":"WebPage","@id":"https:\/\/www.independance-am.com\/es\/informaciones-reglementarias\/","url":"https:\/\/www.independance-am.com\/es\/informaciones-reglementarias\/","name":"Informaciones reglementarias - Ind\u00e9pendance AM","isPartOf":{"@id":"https:\/\/www.independance-am.com\/#website"},"datePublished":"2023-02-17T12:36:50+00:00","dateModified":"2023-03-17T16:41:14+00:00","breadcrumb":{"@id":"https:\/\/www.independance-am.com\/es\/informaciones-reglementarias\/#breadcrumb"},"inLanguage":"es-ES","potentialAction":[{"@type":"ReadAction","target":["https:\/\/www.independance-am.com\/es\/informaciones-reglementarias\/"]}]},{"@type":"BreadcrumbList","@id":"https:\/\/www.independance-am.com\/es\/informaciones-reglementarias\/#breadcrumb","itemListElement":[{"@type":"ListItem","position":1,"name":"Accueil","item":"https:\/\/www.independance-am.com\/es\/"},{"@type":"ListItem","position":2,"name":"Informaciones reglementarias"}]},{"@type":"WebSite","@id":"https:\/\/www.independance-am.com\/#website","url":"https:\/\/www.independance-am.com\/","name":"Ind\u00e9pendance AM","description":"","potentialAction":[{"@type":"SearchAction","target":{"@type":"EntryPoint","urlTemplate":"https:\/\/www.independance-am.com\/?s={search_term_string}"},"query-input":{"@type":"PropertyValueSpecification","valueRequired":true,"valueName":"search_term_string"}}],"inLanguage":"es-ES"}]}},"_links":{"self":[{"href":"https:\/\/www.independance-am.com\/es\/wp-json\/wp\/v2\/pages\/3293","targetHints":{"allow":["GET"]}}],"collection":[{"href":"https:\/\/www.independance-am.com\/es\/wp-json\/wp\/v2\/pages"}],"about":[{"href":"https:\/\/www.independance-am.com\/es\/wp-json\/wp\/v2\/types\/page"}],"author":[{"embeddable":true,"href":"https:\/\/www.independance-am.com\/es\/wp-json\/wp\/v2\/users\/1"}],"replies":[{"embeddable":true,"href":"https:\/\/www.independance-am.com\/es\/wp-json\/wp\/v2\/comments?post=3293"}],"version-history":[{"count":3,"href":"https:\/\/www.independance-am.com\/es\/wp-json\/wp\/v2\/pages\/3293\/revisions"}],"predecessor-version":[{"id":3296,"href":"https:\/\/www.independance-am.com\/es\/wp-json\/wp\/v2\/pages\/3293\/revisions\/3296"}],"wp:attachment":[{"href":"https:\/\/www.independance-am.com\/es\/wp-json\/wp\/v2\/media?parent=3293"}],"curies":[{"name":"wp","href":"https:\/\/api.w.org\/{rel}","templated":true}]}}