{"id":3103,"date":"2022-11-21T16:02:40","date_gmt":"2022-11-21T15:02:40","guid":{"rendered":"https:\/\/www.independance-am.com\/nous-contacter\/"},"modified":"2024-10-21T17:51:46","modified_gmt":"2024-10-21T15:51:46","slug":"contactenos","status":"publish","type":"page","link":"https:\/\/www.independance-am.com\/es\/contactenos\/","title":{"rendered":"Cont\u00e1ctenos"},"content":{"rendered":"<p>[et_pb_section fb_built=&#8221;1&#8243; custom_padding_last_edited=&#8221;on|phone&#8221; _builder_version=&#8221;4.19.0&#8243; _module_preset=&#8221;default&#8221; background_color=&#8221;#0F2B48&#8243; background_image=&#8221;https:\/\/www.independance-am.com\/wp-content\/uploads\/2022\/11\/fond-arbre-bleu-1.svg&#8221; background_size=&#8221;initial&#8221; background_position=&#8221;top_right&#8221; background_horizontal_offset=&#8221;-400px&#8221; custom_padding=&#8221;170px||30px||false|false&#8221; custom_padding_tablet=&#8221;120px||30px||false|false&#8221; custom_padding_phone=&#8221;100px||||false|false&#8221; global_colors_info=&#8221;{}&#8221;][et_pb_row column_structure=&#8221;2_5,3_5&#8243; _builder_version=&#8221;4.19.0&#8243; _module_preset=&#8221;default&#8221; max_width=&#8221;1220px&#8221; global_colors_info=&#8221;{}&#8221;][et_pb_column type=&#8221;2_5&#8243; _builder_version=&#8221;4.19.0&#8243; _module_preset=&#8221;default&#8221; global_colors_info=&#8221;{}&#8221;][et_pb_image src=&#8221;https:\/\/www.independance-am.com\/wp-content\/uploads\/2023\/01\/juan-diaz.png&#8221; title_text=&#8221;juan-diaz&#8221; disabled_on=&#8221;on|on|off&#8221; _builder_version=&#8221;4.19.0&#8243; _module_preset=&#8221;default&#8221; global_colors_info=&#8221;{}&#8221;][\/et_pb_image][et_pb_team_member name=&#8221;Juan D\u00edaz &#8221; position=&#8221;Director de Desarrollo&#8221; image_url=&#8221;https:\/\/www.independance-am.com\/wp-content\/uploads\/2022\/12\/arbre-blanc.svg&#8221; disabled_on=&#8221;on|on|off&#8221; module_class=&#8221;personne-horizontal desktop&#8221; _builder_version=&#8221;4.19.0&#8243; _module_preset=&#8221;default&#8221; header_font=&#8221;Merriweather|700|||||||&#8221; header_text_color=&#8221;#FFFFFF&#8221; header_font_size=&#8221;24px&#8221; header_line_height=&#8221;24px&#8221; body_text_color=&#8221;#FFFFFF&#8221; body_font_size=&#8221;16px&#8221; body_line_height=&#8221;24px&#8221; position_font=&#8221;|700|||||||&#8221; position_text_color=&#8221;#A4C5E8&#8243; position_font_size=&#8221;16px&#8221; position_line_height=&#8221;24px&#8221; body_link_text_color=&#8221;#FFFFFF&#8221; global_colors_info=&#8221;{}&#8221;]<\/p>\n<p>(+33) 6 38 77 73 61<br \/>(+33) 1 49 53 90 11<br \/><a href=\"mailto:juan.diaz@ie-am.com\">juan.diaz@ie-am.com<\/a><br \/><a href=\"mailto:contact@ie-am.com\">contact@ie-am.com<\/a><\/p>\n<p>[\/et_pb_team_member][et_pb_team_member name=&#8221;Yvonne Chansena&#8221; position=&#8221;Gerente de Relaciones con Inversionistas&#8221; image_url=&#8221;https:\/\/www.independance-am.com\/wp-content\/uploads\/2022\/12\/arbre-blanc.svg&#8221; disabled_on=&#8221;on|on|off&#8221; module_class=&#8221;personne-horizontal desktop&#8221; _builder_version=&#8221;4.24.1&#8243; _module_preset=&#8221;default&#8221; header_font=&#8221;Merriweather|700|||||||&#8221; header_text_color=&#8221;#FFFFFF&#8221; header_font_size=&#8221;24px&#8221; header_line_height=&#8221;24px&#8221; body_text_color=&#8221;#FFFFFF&#8221; body_font_size=&#8221;16px&#8221; body_line_height=&#8221;24px&#8221; position_font=&#8221;|700|||||||&#8221; position_text_color=&#8221;#A4C5E8&#8243; position_font_size=&#8221;16px&#8221; position_line_height=&#8221;24px&#8221; body_link_text_color=&#8221;#FFFFFF&#8221; hover_enabled=&#8221;0&#8243; global_colors_info=&#8221;{}&#8221; locked=&#8221;off&#8221; sticky_enabled=&#8221;0&#8243;]<\/p>\n<p>(+33) <span>6 71 30 79 27<br \/><\/span>(+33) 1 49 53 90 11<br \/><a href=\"mailto:yvonne.chansena@ie-am.com\">yvonne.chansena@ie-am.com<\/a><br \/><a href=\"mailto:contact@ie-am.com\">contact@ie-am.com<\/a><\/p>\n<p>[\/et_pb_team_member][\/et_pb_column][et_pb_column type=&#8221;3_5&#8243; _builder_version=&#8221;4.19.0&#8243; _module_preset=&#8221;default&#8221; global_colors_info=&#8221;{}&#8221;][et_pb_text _builder_version=&#8221;4.19.0&#8243; _module_preset=&#8221;default&#8221; header_font=&#8221;Montserrat|700|||||||&#8221; header_text_color=&#8221;#FFFFFF&#8221; header_font_size=&#8221;32px&#8221; header_line_height=&#8221;39px&#8221; custom_margin=&#8221;||14px||false|false&#8221; header_font_size_tablet=&#8221;28px&#8221; header_font_size_phone=&#8221;24px&#8221; header_font_size_last_edited=&#8221;on|phone&#8221; header_line_height_tablet=&#8221;36px&#8221; header_line_height_phone=&#8221;30px&#8221; header_line_height_last_edited=&#8221;on|tablet&#8221; global_colors_info=&#8221;{}&#8221;]<\/p>\n<h1>Quiere invertir, tiene una pregunta. Nuestros equipos le responden<\/h1>\n<p>[\/et_pb_text][et_pb_code admin_label=&#8221;Formulaire Hubspot ES&#8221; module_class=&#8221;white-gform btn-blue&#8221; _builder_version=&#8221;4.24.1&#8243; _module_preset=&#8221;default&#8221; width=&#8221;100%&#8221; max_width=&#8221;684px&#8221; global_colors_info=&#8221;{}&#8221;]<script charset=\"utf-8\" type=\"text\/javascript\" src=\"\/\/js-eu1.hsforms.net\/forms\/embed\/v2.js\"><\/script><!-- [et_pb_line_break_holder] --><script><!-- [et_pb_line_break_holder] -->  hbspt.forms.create({<!-- [et_pb_line_break_holder] -->    region: \"eu1\",<!-- [et_pb_line_break_holder] -->    portalId: \"143534375\",<!-- [et_pb_line_break_holder] -->    formId: \"8baaaf08-4a17-4420-84d9-94a08a92e2e4\"<!-- [et_pb_line_break_holder] -->  });<!-- [et_pb_line_break_holder] --><\/script>[\/et_pb_code][et_pb_team_member name=&#8221;Juan Diaz &#8221; position=&#8221;Director de Desarrollo&#8221; image_url=&#8221;https:\/\/www.independance-am.com\/wp-content\/uploads\/2022\/12\/arbre-blanc.svg&#8221; disabled_on=&#8221;off|off|on&#8221; module_class=&#8221;personne-horizontal&#8221; _builder_version=&#8221;4.19.0&#8243; _module_preset=&#8221;default&#8221; header_font=&#8221;Merriweather|700|||||||&#8221; header_text_color=&#8221;#FFFFFF&#8221; header_font_size=&#8221;24px&#8221; header_line_height=&#8221;24px&#8221; body_text_color=&#8221;#FFFFFF&#8221; body_font_size=&#8221;16px&#8221; body_line_height=&#8221;24px&#8221; position_font=&#8221;|700|||||||&#8221; position_text_color=&#8221;#A4C5E8&#8243; position_font_size=&#8221;16px&#8221; position_line_height=&#8221;24px&#8221; body_link_text_color=&#8221;#FFFFFF&#8221; global_colors_info=&#8221;{}&#8221;]<\/p>\n<p>(+33) 6 38 77 73 61<br \/>(+33) 1 49 53 90 11<br \/><a href=\"mailto:juan.diaz@ie-am.com\">juan.diaz@ie-am.com<\/a><br \/><a href=\"mailto:contact@ie-am.com\">contact@ie-am.com<\/a><\/p>\n<p>[\/et_pb_team_member][et_pb_image src=&#8221;https:\/\/www.independance-am.com\/wp-content\/uploads\/2023\/01\/juan-diaz.png&#8221; title_text=&#8221;juan-diaz&#8221; disabled_on=&#8221;off|off|on&#8221; _builder_version=&#8221;4.19.0&#8243; _module_preset=&#8221;default&#8221; width=&#8221;300px&#8221; max_width=&#8221;100%&#8221; global_colors_info=&#8221;{}&#8221;][\/et_pb_image][\/et_pb_column][\/et_pb_row][\/et_pb_section][et_pb_section fb_built=&#8221;1&#8243; module_class=&#8221;slider-partenaires-investisseurs&#8221; _builder_version=&#8221;4.19.0&#8243; _module_preset=&#8221;default&#8221; background_color=&#8221;#0F2B48&#8243; custom_padding=&#8221;|30px||30px|false|false&#8221; global_colors_info=&#8221;{}&#8221;][et_pb_row _builder_version=&#8221;4.19.0&#8243; _module_preset=&#8221;default&#8221; max_width=&#8221;1220px&#8221; custom_padding=&#8221;25px|4%|0px|4%|false|true&#8221; border_width_all=&#8221;1px&#8221; border_color_all=&#8221;#FFFFFF&#8221; border_width_bottom=&#8221;0px&#8221; global_colors_info=&#8221;{}&#8221;][et_pb_column type=&#8221;4_4&#8243; _builder_version=&#8221;4.19.0&#8243; _module_preset=&#8221;default&#8221; transform_scale_tablet=&#8221;&#8221; transform_scale_phone=&#8221;&#8221; transform_scale_last_edited=&#8221;on|tablet&#8221; transform_translate=&#8221;0px|-82px&#8221; transform_translate_tablet=&#8221;0px|0px&#8221; transform_translate_phone=&#8221;0px|0px&#8221; transform_translate_last_edited=&#8221;on|tablet&#8221; transform_translate_linked=&#8221;off&#8221; transform_rotate_tablet=&#8221;&#8221; transform_rotate_phone=&#8221;&#8221; transform_rotate_last_edited=&#8221;on|tablet&#8221; transform_skew_tablet=&#8221;&#8221; transform_skew_phone=&#8221;&#8221; transform_skew_last_edited=&#8221;on|tablet&#8221; transform_origin_tablet=&#8221;&#8221; transform_origin_phone=&#8221;&#8221; transform_origin_last_edited=&#8221;on|tablet&#8221; transform_styles_last_edited=&#8221;on|tablet&#8221; transform_styles_tablet=&#8221;&#8221; transform_styles_phone=&#8221;&#8221; custom_css_main_element=&#8221;display: flex;||justify-content: flex-start;||align-items: flex-end;||margin-bottom: -20px;&#8221; global_colors_info=&#8221;{}&#8221; custom_css_main_element_last_edited=&#8221;on|phone&#8221; custom_css_main_element_tablet=&#8221;display: flex;||justify-content: flex-start;||align-items: center;&#8221; custom_css_main_element_phone=&#8221;display: block;&#8221;][et_pb_image src=&#8221;https:\/\/www.independance-am.com\/wp-content\/uploads\/2022\/12\/logo-astria.png&#8221; title_text=&#8221;Logo- Astria&#8221; _builder_version=&#8221;4.19.0&#8243; _module_preset=&#8221;default&#8221; module_alignment=&#8221;left&#8221; custom_margin=&#8221;0px|56px|0px|0px|false|false&#8221; custom_padding_tablet=&#8221;&#8221; custom_padding_phone=&#8221;||16px||false|false&#8221; custom_padding_last_edited=&#8221;on|phone&#8221; global_colors_info=&#8221;{}&#8221;][\/et_pb_image][et_pb_text module_class=&#8221;box-title&#8221; _builder_version=&#8221;4.19.0&#8243; _module_preset=&#8221;default&#8221; text_text_color=&#8221;#FFFFFF&#8221; header_2_text_color=&#8221;#FFFFFF&#8221; header_2_font_size=&#8221;18px&#8221; header_2_line_height=&#8221;24px&#8221; background_enable_color=&#8221;off&#8221; transform_translate=&#8221;0px|3px&#8221; transform_translate_linked=&#8221;off&#8221; custom_margin=&#8221;|auto|||false|false&#8221; custom_padding=&#8221;||||false|false&#8221; header_2_font_size_tablet=&#8221;18px&#8221; header_2_font_size_phone=&#8221;18px&#8221; header_2_line_height_tablet=&#8221;24px&#8221; header_2_line_height_phone=&#8221;24px&#8221; global_colors_info=&#8221;{}&#8221;]<\/p>\n<h2><strong>Partenaires relations investisseurs<\/strong><\/h2>\n<p>Astria accompagne Ind\u00e9pendance AM dans son<br \/>d\u00e9veloppement et ses relations avec ses investisseurs.<\/p>\n<p>[\/et_pb_text][\/et_pb_column][\/et_pb_row][et_pb_row column_structure=&#8221;1_2,1_2&#8243; _builder_version=&#8221;4.19.0&#8243; _module_preset=&#8221;default&#8221; max_width=&#8221;1220px&#8221; custom_padding=&#8221;0px|4%|30px|4%|false|true&#8221; border_width_all=&#8221;1px&#8221; border_color_all=&#8221;#FFFFFF&#8221; border_width_top=&#8221;0px&#8221; global_colors_info=&#8221;{}&#8221;][et_pb_column type=&#8221;1_2&#8243; _builder_version=&#8221;4.19.0&#8243; _module_preset=&#8221;default&#8221; global_colors_info=&#8221;{}&#8221;][et_pb_team_member name=&#8221;Tom Gallet, CFA&#8221; image_url=&#8221;https:\/\/www.independance-am.com\/wp-content\/uploads\/2022\/12\/tom.png&#8221; module_class=&#8221;personne-horizontal wide&#8221; _builder_version=&#8221;4.19.0&#8243; _module_preset=&#8221;default&#8221; header_font=&#8221;Merriweather|700|||||||&#8221; header_text_color=&#8221;#FFFFFF&#8221; header_font_size=&#8221;24px&#8221; header_line_height=&#8221;24px&#8221; body_text_color=&#8221;#FFFFFF&#8221; body_font_size=&#8221;16px&#8221; body_line_height=&#8221;24px&#8221; position_font=&#8221;|700|||||||&#8221; position_text_color=&#8221;#A4C5E8&#8243; position_font_size=&#8221;16px&#8221; position_line_height=&#8221;24px&#8221; global_colors_info=&#8221;{}&#8221;]<\/p>\n<p>(+33) 06 25 11 27<br \/>tgallet@astria-capital.com<\/p>\n<p>[\/et_pb_team_member][\/et_pb_column][et_pb_column type=&#8221;1_2&#8243; _builder_version=&#8221;4.19.0&#8243; _module_preset=&#8221;default&#8221; global_colors_info=&#8221;{}&#8221;][et_pb_team_member name=&#8221;Joffrey Quenton &#8221; image_url=&#8221;https:\/\/www.independance-am.com\/wp-content\/uploads\/2022\/12\/joffrey.png&#8221; module_class=&#8221;personne-horizontal wide&#8221; _builder_version=&#8221;4.19.0&#8243; _module_preset=&#8221;default&#8221; header_font=&#8221;Merriweather|700|||||||&#8221; header_text_color=&#8221;#FFFFFF&#8221; header_font_size=&#8221;24px&#8221; header_line_height=&#8221;24px&#8221; body_text_color=&#8221;#FFFFFF&#8221; body_font_size=&#8221;16px&#8221; body_line_height=&#8221;24px&#8221; position_font=&#8221;|700|||||||&#8221; position_text_color=&#8221;#A4C5E8&#8243; position_font_size=&#8221;16px&#8221; position_line_height=&#8221;24px&#8221; global_colors_info=&#8221;{}&#8221;]<\/p>\n<p>(+33) 06 10 50 57 37<br \/>jquenton@astria-capital.com<\/p>\n<p>[\/et_pb_team_member][\/et_pb_column][\/et_pb_row][\/et_pb_section]<\/p>\n","protected":false},"excerpt":{"rendered":"<p>(+33) 6 38 77 73 61(+33) 1 49 53 90 11juan.diaz@ie-am.comcontact@ie-am.com(+33) 6 71 30 79 27(+33) 1 49 53 90 11yvonne.chansena@ie-am.comcontact@ie-am.comQuiere invertir, tiene una pregunta. Nuestros equipos le responden(+33) 6 38 77 73 61(+33) 1 49 53 90 11juan.diaz@ie-am.comcontact@ie-am.comPartenaires relations investisseurs Astria accompagne Ind\u00e9pendance AM dans sond\u00e9veloppement et ses relations avec ses investisseurs.(+33) 06 25 [&hellip;]<\/p>\n","protected":false},"author":1,"featured_media":0,"parent":0,"menu_order":0,"comment_status":"closed","ping_status":"closed","template":"","meta":{"_acf_changed":false,"_et_pb_use_builder":"on","_et_pb_old_content":"<!-- wp:divi\/placeholder \/-->","_et_gb_content_width":"","footnotes":""},"class_list":["post-3103","page","type-page","status-publish","hentry"],"acf":[],"yoast_head":"<!-- This site is optimized with the Yoast SEO plugin v26.7 - https:\/\/yoast.com\/wordpress\/plugins\/seo\/ -->\n<title>Cont\u00e1ctenos - Ind\u00e9pendance AM<\/title>\n<meta name=\"description\" content=\"Vous souhaitez investir, vous avez une question. Nos \u00e9quipes vous r\u00e9pondent.\" \/>\n<meta name=\"robots\" content=\"index, follow, max-snippet:-1, max-image-preview:large, max-video-preview:-1\" \/>\n<link rel=\"canonical\" href=\"https:\/\/www.independance-am.com\/nous-contacter\/\" \/>\n<meta property=\"og:locale\" content=\"es_ES\" \/>\n<meta property=\"og:type\" content=\"article\" \/>\n<meta property=\"og:title\" content=\"Cont\u00e1ctenos - Ind\u00e9pendance AM\" \/>\n<meta property=\"og:description\" content=\"Vous souhaitez investir, vous avez une question. Nos \u00e9quipes vous r\u00e9pondent.\" \/>\n<meta property=\"og:url\" content=\"https:\/\/www.independance-am.com\/nous-contacter\/\" \/>\n<meta property=\"og:site_name\" content=\"Ind\u00e9pendance AM\" \/>\n<meta property=\"article:modified_time\" content=\"2024-10-21T15:51:46+00:00\" \/>\n<meta name=\"twitter:card\" content=\"summary_large_image\" \/>\n<meta name=\"twitter:label1\" content=\"Est. reading time\" \/>\n\t<meta name=\"twitter:data1\" content=\"2 minutes\" \/>\n<script type=\"application\/ld+json\" class=\"yoast-schema-graph\">{\"@context\":\"https:\/\/schema.org\",\"@graph\":[{\"@type\":\"WebPage\",\"@id\":\"https:\/\/www.independance-am.com\/nous-contacter\/\",\"url\":\"https:\/\/www.independance-am.com\/nous-contacter\/\",\"name\":\"Cont\u00e1ctenos - Ind\u00e9pendance AM\",\"isPartOf\":{\"@id\":\"https:\/\/www.independance-am.com\/#website\"},\"datePublished\":\"2022-11-21T15:02:40+00:00\",\"dateModified\":\"2024-10-21T15:51:46+00:00\",\"description\":\"Vous souhaitez investir, vous avez une question. Nos \u00e9quipes vous r\u00e9pondent.\",\"breadcrumb\":{\"@id\":\"https:\/\/www.independance-am.com\/nous-contacter\/#breadcrumb\"},\"inLanguage\":\"es-ES\",\"potentialAction\":[{\"@type\":\"ReadAction\",\"target\":[\"https:\/\/www.independance-am.com\/nous-contacter\/\"]}]},{\"@type\":\"BreadcrumbList\",\"@id\":\"https:\/\/www.independance-am.com\/nous-contacter\/#breadcrumb\",\"itemListElement\":[{\"@type\":\"ListItem\",\"position\":1,\"name\":\"Accueil\",\"item\":\"https:\/\/www.independance-am.com\/es\/\"},{\"@type\":\"ListItem\",\"position\":2,\"name\":\"Cont\u00e1ctenos\"}]},{\"@type\":\"WebSite\",\"@id\":\"https:\/\/www.independance-am.com\/#website\",\"url\":\"https:\/\/www.independance-am.com\/\",\"name\":\"Ind\u00e9pendance AM\",\"description\":\"\",\"potentialAction\":[{\"@type\":\"SearchAction\",\"target\":{\"@type\":\"EntryPoint\",\"urlTemplate\":\"https:\/\/www.independance-am.com\/?s={search_term_string}\"},\"query-input\":{\"@type\":\"PropertyValueSpecification\",\"valueRequired\":true,\"valueName\":\"search_term_string\"}}],\"inLanguage\":\"es-ES\"}]}<\/script>\n<!-- \/ Yoast SEO plugin. -->","yoast_head_json":{"title":"Cont\u00e1ctenos - Ind\u00e9pendance AM","description":"Vous souhaitez investir, vous avez une question. Nos \u00e9quipes vous r\u00e9pondent.","robots":{"index":"index","follow":"follow","max-snippet":"max-snippet:-1","max-image-preview":"max-image-preview:large","max-video-preview":"max-video-preview:-1"},"canonical":"https:\/\/www.independance-am.com\/nous-contacter\/","og_locale":"es_ES","og_type":"article","og_title":"Cont\u00e1ctenos - Ind\u00e9pendance AM","og_description":"Vous souhaitez investir, vous avez une question. Nos \u00e9quipes vous r\u00e9pondent.","og_url":"https:\/\/www.independance-am.com\/nous-contacter\/","og_site_name":"Ind\u00e9pendance AM","article_modified_time":"2024-10-21T15:51:46+00:00","twitter_card":"summary_large_image","twitter_misc":{"Est. reading time":"2 minutes"},"schema":{"@context":"https:\/\/schema.org","@graph":[{"@type":"WebPage","@id":"https:\/\/www.independance-am.com\/nous-contacter\/","url":"https:\/\/www.independance-am.com\/nous-contacter\/","name":"Cont\u00e1ctenos - Ind\u00e9pendance AM","isPartOf":{"@id":"https:\/\/www.independance-am.com\/#website"},"datePublished":"2022-11-21T15:02:40+00:00","dateModified":"2024-10-21T15:51:46+00:00","description":"Vous souhaitez investir, vous avez une question. Nos \u00e9quipes vous r\u00e9pondent.","breadcrumb":{"@id":"https:\/\/www.independance-am.com\/nous-contacter\/#breadcrumb"},"inLanguage":"es-ES","potentialAction":[{"@type":"ReadAction","target":["https:\/\/www.independance-am.com\/nous-contacter\/"]}]},{"@type":"BreadcrumbList","@id":"https:\/\/www.independance-am.com\/nous-contacter\/#breadcrumb","itemListElement":[{"@type":"ListItem","position":1,"name":"Accueil","item":"https:\/\/www.independance-am.com\/es\/"},{"@type":"ListItem","position":2,"name":"Cont\u00e1ctenos"}]},{"@type":"WebSite","@id":"https:\/\/www.independance-am.com\/#website","url":"https:\/\/www.independance-am.com\/","name":"Ind\u00e9pendance AM","description":"","potentialAction":[{"@type":"SearchAction","target":{"@type":"EntryPoint","urlTemplate":"https:\/\/www.independance-am.com\/?s={search_term_string}"},"query-input":{"@type":"PropertyValueSpecification","valueRequired":true,"valueName":"search_term_string"}}],"inLanguage":"es-ES"}]}},"_links":{"self":[{"href":"https:\/\/www.independance-am.com\/es\/wp-json\/wp\/v2\/pages\/3103","targetHints":{"allow":["GET"]}}],"collection":[{"href":"https:\/\/www.independance-am.com\/es\/wp-json\/wp\/v2\/pages"}],"about":[{"href":"https:\/\/www.independance-am.com\/es\/wp-json\/wp\/v2\/types\/page"}],"author":[{"embeddable":true,"href":"https:\/\/www.independance-am.com\/es\/wp-json\/wp\/v2\/users\/1"}],"replies":[{"embeddable":true,"href":"https:\/\/www.independance-am.com\/es\/wp-json\/wp\/v2\/comments?post=3103"}],"version-history":[{"count":8,"href":"https:\/\/www.independance-am.com\/es\/wp-json\/wp\/v2\/pages\/3103\/revisions"}],"predecessor-version":[{"id":5150,"href":"https:\/\/www.independance-am.com\/es\/wp-json\/wp\/v2\/pages\/3103\/revisions\/5150"}],"wp:attachment":[{"href":"https:\/\/www.independance-am.com\/es\/wp-json\/wp\/v2\/media?parent=3103"}],"curies":[{"name":"wp","href":"https:\/\/api.w.org\/{rel}","templated":true}]}}