{"id":3074,"date":"2022-11-21T16:02:29","date_gmt":"2022-11-21T15:02:29","guid":{"rendered":"https:\/\/www.independance-am.com\/nos-fonds\/"},"modified":"2024-11-15T11:58:57","modified_gmt":"2024-11-15T10:58:57","slug":"nuestros-fondos","status":"publish","type":"page","link":"https:\/\/www.independance-am.com\/es\/nuestros-fondos\/","title":{"rendered":"Nuestros fondos"},"content":{"rendered":"<p>[et_pb_section fb_built=&#8221;1&#8243; custom_padding_last_edited=&#8221;on|phone&#8221; _builder_version=&#8221;4.19.0&#8243; _module_preset=&#8221;default&#8221; background_color=&#8221;#0F2B48&#8243; background_image=&#8221;https:\/\/www.independance-am.com\/wp-content\/uploads\/2022\/11\/fond-arbre-bleu-1.svg&#8221; custom_padding=&#8221;145px||60px||false|false&#8221; custom_padding_tablet=&#8221;||0px||false|false&#8221; custom_padding_phone=&#8221;100px||0px||false|false&#8221; global_colors_info=&#8221;{}&#8221;][et_pb_row _builder_version=&#8221;4.19.0&#8243; _module_preset=&#8221;default&#8221; global_colors_info=&#8221;{}&#8221;][et_pb_column type=&#8221;4_4&#8243; _builder_version=&#8221;4.19.0&#8243; _module_preset=&#8221;default&#8221; global_colors_info=&#8221;{}&#8221;][et_pb_post_title _builder_version=&#8221;4.19.0&#8243; _module_preset=&#8221;default&#8221; title_text_color=&#8221;#FFFFFF&#8221; custom_margin=&#8221;||2px||false|false&#8221; global_colors_info=&#8221;{}&#8221;][\/et_pb_post_title][et_pb_text _builder_version=&#8221;4.19.0&#8243; _module_preset=&#8221;default&#8221; text_text_color=&#8221;#FFFFFF&#8221; text_font_size=&#8221;24px&#8221; text_line_height=&#8221;31px&#8221; width=&#8221;456px&#8221; max_width=&#8221;100%&#8221; text_font_size_tablet=&#8221;21px&#8221; text_font_size_phone=&#8221;18px&#8221; text_font_size_last_edited=&#8221;on|tablet&#8221; text_line_height_tablet=&#8221;26px&#8221; text_line_height_phone=&#8221;24px&#8221; text_line_height_last_edited=&#8221;on|phone&#8221; global_colors_info=&#8221;{}&#8221;]<\/p>\n<p>Nuestra experiencia en la inversi\u00f3n en Pymes cotizadas a trav\u00e9s de diferentes fondos<\/p>\n<p>[\/et_pb_text][\/et_pb_column][\/et_pb_row][et_pb_row column_structure=&#8221;1_5,1_5,1_5,1_5,1_5&#8243; use_custom_gutter=&#8221;on&#8221; gutter_width=&#8221;2&#8243; make_equal=&#8221;on&#8221; _builder_version=&#8221;4.24.1&#8243; _module_preset=&#8221;default&#8221; locked=&#8221;off&#8221; global_colors_info=&#8221;{}&#8221;][et_pb_column type=&#8221;1_5&#8243; _builder_version=&#8221;4.19.0&#8243; _module_preset=&#8221;81b83530-c5d3-4311-995e-5abe65e4243d&#8221; background_image=&#8221;https:\/\/www.independance-am.com\/wp-content\/uploads\/2022\/12\/fond-arbre-crop.svg&#8221; background_size=&#8221;contain&#8221; background_position=&#8221;bottom_center&#8221; custom_padding=&#8221;41px|24px|41px|24px|true|true&#8221; global_colors_info=&#8221;{}&#8221;][et_pb_text _builder_version=&#8221;4.24.1&#8243; _module_preset=&#8221;default&#8221; text_font=&#8221;Montserrat|||on|||||&#8221; text_line_height=&#8221;19px&#8221; text_orientation=&#8221;center&#8221; custom_margin=&#8221;||16px||false|false&#8221; global_colors_info=&#8221;{}&#8221;]<\/p>\n<p>Fondo<\/p>\n<p>[\/et_pb_text][et_pb_text _builder_version=&#8221;4.24.1&#8243; _module_preset=&#8221;default&#8221; text_font_size=&#8221;15px&#8221; header_2_font=&#8221;Montserrat|700||on|||||&#8221; header_2_text_align=&#8221;center&#8221; header_2_font_size=&#8221;22px&#8221; header_2_line_height=&#8221;29px&#8221; header_2_font_size_tablet=&#8221;24px&#8221; header_2_font_size_phone=&#8221;21px&#8221; header_2_line_height_tablet=&#8221;27px&#8221; header_2_line_height_phone=&#8221;25px&#8221; global_colors_info=&#8221;{}&#8221;]<\/p>\n<h2>Ind\u00e9pendance family value<\/h2>\n<p>[\/et_pb_text][et_pb_text _builder_version=&#8221;4.24.1&#8243; _module_preset=&#8221;default&#8221; text_font=&#8221;Montserrat|700|||||||&#8221; text_orientation=&#8221;center&#8221; custom_margin=&#8221;||16px||false|false&#8221; global_colors_info=&#8221;{}&#8221;]<\/p>\n<p>Acciones de empresas familiares<\/p>\n<p>[\/et_pb_text][et_pb_text _builder_version=&#8221;4.19.0&#8243; _module_preset=&#8221;default&#8221; text_orientation=&#8221;center&#8221; custom_margin=&#8221;||35px||false|false&#8221; global_colors_info=&#8221;{}&#8221;]<\/p>\n<p>2021 &#8211; 2028<\/p>\n<p>[\/et_pb_text][et_pb_button button_url=&#8221;@ET-DC@eyJkeW5hbWljIjp0cnVlLCJjb250ZW50IjoicG9zdF9saW5rX3VybF9wYWdlIiwic2V0dGluZ3MiOnsicG9zdF9pZCI6IjI4In19@&#8221; button_text=&#8221; &#8221; button_alignment=&#8221;center&#8221; module_class=&#8221;bouton-chevron-droite&#8221; _builder_version=&#8221;4.19.0&#8243; _dynamic_attributes=&#8221;button_url&#8221; _module_preset=&#8221;default&#8221; button_text_color=&#8221;#FFFFFF&#8221; button_bg_color=&#8221;#000000&#8243; button_border_width=&#8221;0px&#8221; button_use_icon=&#8221;on&#8221; button_icon=&#8221;&#x35;||divi||400&#8243; button_on_hover=&#8221;off&#8221; global_colors_info=&#8221;{}&#8221;][\/et_pb_button][\/et_pb_column][et_pb_column type=&#8221;1_5&#8243; _builder_version=&#8221;4.19.0&#8243; _module_preset=&#8221;81b83530-c5d3-4311-995e-5abe65e4243d&#8221; background_image=&#8221;https:\/\/www.independance-am.com\/wp-content\/uploads\/2022\/12\/fond-arbre-crop.svg&#8221; background_size=&#8221;contain&#8221; background_position=&#8221;bottom_center&#8221; custom_padding=&#8221;41px|20px|41px|20px|true|true&#8221; global_colors_info=&#8221;{}&#8221;][et_pb_text _builder_version=&#8221;4.24.1&#8243; _module_preset=&#8221;default&#8221; text_font=&#8221;Montserrat|||on|||||&#8221; text_line_height=&#8221;19px&#8221; text_orientation=&#8221;center&#8221; custom_margin=&#8221;||16px||false|false&#8221; global_colors_info=&#8221;{}&#8221;]<\/p>\n<p>Fondo<\/p>\n<p>[\/et_pb_text][et_pb_text _builder_version=&#8221;4.24.1&#8243; _module_preset=&#8221;default&#8221; header_2_font=&#8221;Montserrat|700||on|||||&#8221; header_2_text_align=&#8221;center&#8221; header_2_font_size=&#8221;22px&#8221; header_2_line_height=&#8221;29px&#8221; header_2_font_size_tablet=&#8221;24px&#8221; header_2_font_size_phone=&#8221;21px&#8221; header_2_line_height_tablet=&#8221;27px&#8221; header_2_line_height_phone=&#8221;25px&#8221; global_colors_info=&#8221;{}&#8221;]<\/p>\n<h2>Ind\u00e9pendance France Small<\/h2>\n<p>[\/et_pb_text][et_pb_text _builder_version=&#8221;4.24.1&#8243; _module_preset=&#8221;default&#8221; text_font=&#8221;Montserrat|700|||||||&#8221; text_font_size=&#8221;15px&#8221; text_orientation=&#8221;center&#8221; custom_margin=&#8221;||16px||false|false&#8221; global_colors_info=&#8221;{}&#8221;]<\/p>\n<p>Acciones de empresas francesas<\/p>\n<p>[\/et_pb_text][et_pb_text _builder_version=&#8221;4.24.1&#8243; _module_preset=&#8221;default&#8221; text_orientation=&#8221;center&#8221; custom_margin=&#8221;||35px||false|false&#8221; global_colors_info=&#8221;{}&#8221;]<\/p>\n<p>Desde 1993<\/p>\n<p>[\/et_pb_text][et_pb_button button_url=&#8221;@ET-DC@eyJkeW5hbWljIjp0cnVlLCJjb250ZW50IjoicG9zdF9saW5rX3VybF9wYWdlIiwic2V0dGluZ3MiOnsicG9zdF9pZCI6IjMwIn19@&#8221; button_text=&#8221; &#8221; button_alignment=&#8221;center&#8221; module_class=&#8221;bouton-chevron-droite&#8221; _builder_version=&#8221;4.19.0&#8243; _dynamic_attributes=&#8221;button_url&#8221; _module_preset=&#8221;default&#8221; button_text_color=&#8221;#FFFFFF&#8221; button_bg_color=&#8221;#000000&#8243; button_border_width=&#8221;0px&#8221; button_use_icon=&#8221;on&#8221; button_icon=&#8221;&#x35;||divi||400&#8243; button_on_hover=&#8221;off&#8221; global_colors_info=&#8221;{}&#8221;][\/et_pb_button][\/et_pb_column][et_pb_column type=&#8221;1_5&#8243; disabled_on=&#8221;off|off|off&#8221; _builder_version=&#8221;4.19.0&#8243; _module_preset=&#8221;81b83530-c5d3-4311-995e-5abe65e4243d&#8221; background_image=&#8221;https:\/\/www.independance-am.com\/wp-content\/uploads\/2022\/12\/fond-arbre-crop.svg&#8221; background_size=&#8221;contain&#8221; background_position=&#8221;bottom_center&#8221; custom_padding=&#8221;41px|24px|41px|24px|true|true&#8221; global_colors_info=&#8221;{}&#8221;][et_pb_text _builder_version=&#8221;4.24.1&#8243; _module_preset=&#8221;default&#8221; text_font=&#8221;Montserrat|||on|||||&#8221; text_line_height=&#8221;19px&#8221; text_orientation=&#8221;center&#8221; custom_margin=&#8221;||16px||false|false&#8221; hover_enabled=&#8221;0&#8243; global_colors_info=&#8221;{}&#8221; sticky_enabled=&#8221;0&#8243;]<\/p>\n<p>Fondo<\/p>\n<p>[\/et_pb_text][et_pb_text _builder_version=&#8221;4.22.2&#8243; _module_preset=&#8221;default&#8221; header_2_font=&#8221;Montserrat|700||on|||||&#8221; header_2_text_align=&#8221;center&#8221; header_2_font_size=&#8221;26px&#8221; header_2_line_height=&#8221;29px&#8221; custom_margin=&#8221;|-5px||||&#8221; header_2_font_size_tablet=&#8221;24px&#8221; header_2_font_size_phone=&#8221;21px&#8221; header_2_line_height_tablet=&#8221;27px&#8221; header_2_line_height_phone=&#8221;25px&#8221; global_colors_info=&#8221;{}&#8221;]<\/p>\n<h2>Ind\u00e9pendance Europe Small<\/h2>\n<p>[\/et_pb_text][et_pb_text _builder_version=&#8221;4.24.1&#8243; _module_preset=&#8221;default&#8221; text_font=&#8221;Montserrat|700|||||||&#8221; text_font_size=&#8221;15px&#8221; text_orientation=&#8221;center&#8221; custom_margin=&#8221;||16px||false|false&#8221; global_colors_info=&#8221;{}&#8221;]<\/p>\n<p>Acciones de empresas europeas<\/p>\n<p>[\/et_pb_text][et_pb_text _builder_version=&#8221;4.24.1&#8243; _module_preset=&#8221;default&#8221; text_orientation=&#8221;center&#8221; custom_margin=&#8221;||35px||false|false&#8221; global_colors_info=&#8221;{}&#8221;]<\/p>\n<p>Desde 2018<\/p>\n<p>[\/et_pb_text][et_pb_button button_url=&#8221;@ET-DC@eyJkeW5hbWljIjp0cnVlLCJjb250ZW50IjoicG9zdF9saW5rX3VybF9wYWdlIiwic2V0dGluZ3MiOnsicG9zdF9pZCI6IjIyNyJ9fQ==@&#8221; button_text=&#8221; &#8221; button_alignment=&#8221;center&#8221; disabled_on=&#8221;off|off|off&#8221; module_class=&#8221;bouton-chevron-droite&#8221; _builder_version=&#8221;4.19.0&#8243; _dynamic_attributes=&#8221;button_url&#8221; _module_preset=&#8221;default&#8221; button_text_color=&#8221;#FFFFFF&#8221; button_bg_color=&#8221;#000000&#8243; button_border_width=&#8221;0px&#8221; button_use_icon=&#8221;on&#8221; button_icon=&#8221;&#x35;||divi||400&#8243; button_on_hover=&#8221;off&#8221; global_colors_info=&#8221;{}&#8221;][\/et_pb_button][\/et_pb_column][et_pb_column type=&#8221;1_5&#8243; _builder_version=&#8221;4.24.1&#8243; _module_preset=&#8221;81b83530-c5d3-4311-995e-5abe65e4243d&#8221; background_image=&#8221;https:\/\/www.independance-am.com\/wp-content\/uploads\/2022\/12\/fond-arbre-crop.svg&#8221; background_size=&#8221;contain&#8221; background_position=&#8221;bottom_center&#8221; custom_padding=&#8221;41px|24px|41px|24px|true|true&#8221; global_colors_info=&#8221;{}&#8221;][et_pb_text _builder_version=&#8221;4.24.1&#8243; _module_preset=&#8221;default&#8221; text_font=&#8221;Montserrat|||on|||||&#8221; text_line_height=&#8221;19px&#8221; text_orientation=&#8221;center&#8221; custom_margin=&#8221;||16px||false|false&#8221; global_colors_info=&#8221;{}&#8221;]<\/p>\n<p>Fondo<\/p>\n<p>[\/et_pb_text][et_pb_text _builder_version=&#8221;4.24.1&#8243; _module_preset=&#8221;default&#8221; header_2_font=&#8221;Montserrat|700||on|||||&#8221; header_2_text_align=&#8221;center&#8221; header_2_font_size=&#8221;22px&#8221; header_2_line_height=&#8221;29px&#8221; width=&#8221;100%&#8221; custom_padding=&#8221;|0px||||&#8221; header_2_font_size_tablet=&#8221;24px&#8221; header_2_font_size_phone=&#8221;21px&#8221; header_2_line_height_tablet=&#8221;27px&#8221; header_2_line_height_phone=&#8221;25px&#8221; global_colors_info=&#8221;{}&#8221;]<\/p>\n<h2>Ind\u00e9pendance Europe MID<\/h2>\n<p>[\/et_pb_text][et_pb_text _builder_version=&#8221;4.24.1&#8243; _module_preset=&#8221;default&#8221; text_font=&#8221;Montserrat|700|||||||&#8221; text_font_size=&#8221;15px&#8221; text_orientation=&#8221;center&#8221; custom_margin=&#8221;||16px||false|false&#8221; global_colors_info=&#8221;{}&#8221;]<\/p>\n<p>Acciones de empresas europeas<\/p>\n<p>[\/et_pb_text][et_pb_text _builder_version=&#8221;4.24.1&#8243; _module_preset=&#8221;default&#8221; text_orientation=&#8221;center&#8221; custom_margin=&#8221;||35px||false|false&#8221; global_colors_info=&#8221;{}&#8221;]<\/p>\n<p>Desde 2024<\/p>\n<p>[\/et_pb_text][et_pb_button button_url=&#8221;https:\/\/www.independance-am.com\/es\/nuestros-fondos\/independance-europe-mid\/&#8221; button_text=&#8221; &#8221; button_alignment=&#8221;center&#8221; disabled_on=&#8221;off|off|off&#8221; module_class=&#8221;bouton-chevron-droite&#8221; _builder_version=&#8221;4.24.1&#8243; _module_preset=&#8221;default&#8221; button_text_color=&#8221;#FFFFFF&#8221; button_bg_color=&#8221;#000000&#8243; button_border_width=&#8221;0px&#8221; button_use_icon=&#8221;on&#8221; button_icon=&#8221;&#x35;||divi||400&#8243; button_on_hover=&#8221;off&#8221; global_colors_info=&#8221;{}&#8221;][\/et_pb_button][\/et_pb_column][et_pb_column type=&#8221;1_5&#8243; _builder_version=&#8221;4.19.0&#8243; _module_preset=&#8221;81b83530-c5d3-4311-995e-5abe65e4243d&#8221; background_color=&#8221;#bfcede&#8221; background_image=&#8221;https:\/\/www.independance-am.com\/wp-content\/uploads\/2022\/12\/fond-arbre-crop.svg&#8221; background_size=&#8221;contain&#8221; background_position=&#8221;bottom_center&#8221; custom_padding=&#8221;41px|24px|41px|24px|true|true&#8221; global_colors_info=&#8221;{}&#8221;][et_pb_text _builder_version=&#8221;4.24.1&#8243; _module_preset=&#8221;default&#8221; text_font=&#8221;Montserrat|||on|||||&#8221; text_line_height=&#8221;19px&#8221; text_orientation=&#8221;center&#8221; custom_margin=&#8221;||16px||false|false&#8221; global_colors_info=&#8221;{}&#8221;]<\/p>\n<p>Fondo<\/p>\n<p>[\/et_pb_text][et_pb_text _builder_version=&#8221;4.24.1&#8243; _module_preset=&#8221;default&#8221; text_font_size=&#8221;15px&#8221; header_2_font=&#8221;Montserrat|700||on|||||&#8221; header_2_text_align=&#8221;center&#8221; header_2_font_size=&#8221;26px&#8221; header_2_line_height=&#8221;29px&#8221; header_2_font_size_tablet=&#8221;24px&#8221; header_2_font_size_phone=&#8221;21px&#8221; header_2_line_height_tablet=&#8221;27px&#8221; header_2_line_height_phone=&#8221;25px&#8221; global_colors_info=&#8221;{}&#8221;]<\/p>\n<h2>espec\u00edficos y mandatos<\/h2>\n<p>[\/et_pb_text][et_pb_text _builder_version=&#8221;4.24.1&#8243; _module_preset=&#8221;default&#8221; text_font=&#8221;Montserrat|700|||||||&#8221; text_orientation=&#8221;center&#8221; custom_margin=&#8221;||72px|||&#8221; global_colors_info=&#8221;{}&#8221;]<\/p>\n<p>P\u00f3ngase en contacto con nosotros<\/p>\n<p>[\/et_pb_text][et_pb_button button_url=&#8221;@ET-DC@eyJkeW5hbWljIjp0cnVlLCJjb250ZW50IjoicG9zdF9saW5rX3VybF9wYWdlIiwic2V0dGluZ3MiOnsicG9zdF9pZCI6IjI2In19@&#8221; button_text=&#8221; &#8221; button_alignment=&#8221;center&#8221; module_class=&#8221;bouton-chevron-droite&#8221; _builder_version=&#8221;4.19.0&#8243; _dynamic_attributes=&#8221;button_url&#8221; _module_preset=&#8221;default&#8221; button_text_color=&#8221;#FFFFFF&#8221; button_bg_color=&#8221;#000000&#8243; button_border_width=&#8221;0px&#8221; button_use_icon=&#8221;on&#8221; button_icon=&#8221;&#x35;||divi||400&#8243; button_on_hover=&#8221;off&#8221; global_colors_info=&#8221;{}&#8221;][\/et_pb_button][\/et_pb_column][\/et_pb_row][\/et_pb_section][et_pb_section fb_built=&#8221;1&#8243; custom_padding_last_edited=&#8221;on|phone&#8221; _builder_version=&#8221;4.19.0&#8243; _module_preset=&#8221;default&#8221; background_color=&#8221;#0F2B48&#8243; custom_padding_tablet=&#8221;&#8221; custom_padding_phone=&#8221;||0px||false|false&#8221; saved_tabs=&#8221;all&#8221; global_colors_info=&#8221;{}&#8221;][et_pb_row _builder_version=&#8221;4.19.0&#8243; _module_preset=&#8221;default&#8221; custom_padding=&#8221;0px|30px|0px|30px|false|false&#8221; global_colors_info=&#8221;{}&#8221;][et_pb_column type=&#8221;4_4&#8243; _builder_version=&#8221;4.19.0&#8243; _module_preset=&#8221;default&#8221; global_colors_info=&#8221;{}&#8221;][et_pb_text _builder_version=&#8221;4.19.0&#8243; _module_preset=&#8221;default&#8221; header_2_text_align=&#8221;center&#8221; header_2_text_color=&#8221;#FFFFFF&#8221; header_2_font_size=&#8221;22px&#8221; header_2_line_height=&#8221;27px&#8221; custom_margin=&#8221;||14px||false|false&#8221; header_2_font_size_phone=&#8221;22px&#8221; header_2_line_height_phone=&#8221;28px&#8221; global_colors_info=&#8221;{}&#8221;]<\/p>\n<h2>Quiere invertir, tiene una pregunta.<br \/>Nuestros equipos le responder\u00e1n<\/h2>\n<p>[\/et_pb_text][et_pb_button button_url=&#8221;@ET-DC@eyJkeW5hbWljIjp0cnVlLCJjb250ZW50IjoicG9zdF9saW5rX3VybF9wYWdlIiwic2V0dGluZ3MiOnsicG9zdF9pZCI6IjI2In19@&#8221; button_text=&#8221;Contacto Ind\u00e9pendance AM&#8221; button_alignment=&#8221;center&#8221; _builder_version=&#8221;4.19.0&#8243; _dynamic_attributes=&#8221;button_url&#8221; _module_preset=&#8221;a3d5c598-2969-4242-8611-85cbfec65031&#8243; global_colors_info=&#8221;{}&#8221;][\/et_pb_button][\/et_pb_column][\/et_pb_row][\/et_pb_section]<\/p>\n","protected":false},"excerpt":{"rendered":"<p>Nuestra experiencia en la inversi\u00f3n en Pymes cotizadas a trav\u00e9s de diferentes fondosFondoInd\u00e9pendance family valueAcciones de empresas familiares2021 &#8211; 2028FondoInd\u00e9pendance France SmallAcciones de empresas francesasDesde 1993FondoInd\u00e9pendance Europe SmallAcciones de empresas europeasDesde 2018FondoInd\u00e9pendance Europe MIDAcciones de empresas europeasDesde 2024Fondoespec\u00edficos y mandatosP\u00f3ngase en contacto con nosotrosQuiere invertir, tiene una pregunta.Nuestros equipos le responder\u00e1n<\/p>\n","protected":false},"author":1,"featured_media":0,"parent":0,"menu_order":0,"comment_status":"closed","ping_status":"closed","template":"","meta":{"_acf_changed":false,"_et_pb_use_builder":"on","_et_pb_old_content":"<!-- wp:divi\/placeholder \/-->","_et_gb_content_width":"","footnotes":""},"class_list":["post-3074","page","type-page","status-publish","hentry"],"acf":[],"yoast_head":"<!-- This site is optimized with the Yoast SEO plugin v26.7 - https:\/\/yoast.com\/wordpress\/plugins\/seo\/ -->\n<title>Nuestros fondos - Ind\u00e9pendance AM<\/title>\n<meta name=\"description\" content=\"Notre expertise d\u2019investissement dans les PME cot\u00e9es d\u00e9clin\u00e9es sur diff\u00e9rents fonds.\" \/>\n<meta name=\"robots\" content=\"index, follow, max-snippet:-1, max-image-preview:large, max-video-preview:-1\" \/>\n<link rel=\"canonical\" href=\"https:\/\/www.independance-am.com\/nos-fonds\/\" \/>\n<meta property=\"og:locale\" content=\"es_ES\" \/>\n<meta property=\"og:type\" content=\"article\" \/>\n<meta property=\"og:title\" content=\"Nuestros fondos - Ind\u00e9pendance AM\" \/>\n<meta property=\"og:description\" content=\"Notre expertise d\u2019investissement dans les PME cot\u00e9es d\u00e9clin\u00e9es sur diff\u00e9rents fonds.\" \/>\n<meta property=\"og:url\" content=\"https:\/\/www.independance-am.com\/nos-fonds\/\" \/>\n<meta property=\"og:site_name\" content=\"Ind\u00e9pendance AM\" \/>\n<meta property=\"article:modified_time\" content=\"2024-11-15T10:58:57+00:00\" \/>\n<meta name=\"twitter:card\" content=\"summary_large_image\" \/>\n<meta name=\"twitter:label1\" content=\"Est. reading time\" \/>\n\t<meta name=\"twitter:data1\" content=\"2 minutes\" \/>\n<script type=\"application\/ld+json\" class=\"yoast-schema-graph\">{\"@context\":\"https:\/\/schema.org\",\"@graph\":[{\"@type\":\"WebPage\",\"@id\":\"https:\/\/www.independance-am.com\/nos-fonds\/\",\"url\":\"https:\/\/www.independance-am.com\/nos-fonds\/\",\"name\":\"Nuestros fondos - Ind\u00e9pendance AM\",\"isPartOf\":{\"@id\":\"https:\/\/www.independance-am.com\/#website\"},\"datePublished\":\"2022-11-21T15:02:29+00:00\",\"dateModified\":\"2024-11-15T10:58:57+00:00\",\"description\":\"Notre expertise d\u2019investissement dans les PME cot\u00e9es d\u00e9clin\u00e9es sur diff\u00e9rents fonds.\",\"breadcrumb\":{\"@id\":\"https:\/\/www.independance-am.com\/nos-fonds\/#breadcrumb\"},\"inLanguage\":\"es-ES\",\"potentialAction\":[{\"@type\":\"ReadAction\",\"target\":[\"https:\/\/www.independance-am.com\/nos-fonds\/\"]}]},{\"@type\":\"BreadcrumbList\",\"@id\":\"https:\/\/www.independance-am.com\/nos-fonds\/#breadcrumb\",\"itemListElement\":[{\"@type\":\"ListItem\",\"position\":1,\"name\":\"Accueil\",\"item\":\"https:\/\/www.independance-am.com\/es\/\"},{\"@type\":\"ListItem\",\"position\":2,\"name\":\"Nuestros fondos\"}]},{\"@type\":\"WebSite\",\"@id\":\"https:\/\/www.independance-am.com\/#website\",\"url\":\"https:\/\/www.independance-am.com\/\",\"name\":\"Ind\u00e9pendance AM\",\"description\":\"\",\"potentialAction\":[{\"@type\":\"SearchAction\",\"target\":{\"@type\":\"EntryPoint\",\"urlTemplate\":\"https:\/\/www.independance-am.com\/?s={search_term_string}\"},\"query-input\":{\"@type\":\"PropertyValueSpecification\",\"valueRequired\":true,\"valueName\":\"search_term_string\"}}],\"inLanguage\":\"es-ES\"}]}<\/script>\n<!-- \/ Yoast SEO plugin. -->","yoast_head_json":{"title":"Nuestros fondos - Ind\u00e9pendance AM","description":"Notre expertise d\u2019investissement dans les PME cot\u00e9es d\u00e9clin\u00e9es sur diff\u00e9rents fonds.","robots":{"index":"index","follow":"follow","max-snippet":"max-snippet:-1","max-image-preview":"max-image-preview:large","max-video-preview":"max-video-preview:-1"},"canonical":"https:\/\/www.independance-am.com\/nos-fonds\/","og_locale":"es_ES","og_type":"article","og_title":"Nuestros fondos - Ind\u00e9pendance AM","og_description":"Notre expertise d\u2019investissement dans les PME cot\u00e9es d\u00e9clin\u00e9es sur diff\u00e9rents fonds.","og_url":"https:\/\/www.independance-am.com\/nos-fonds\/","og_site_name":"Ind\u00e9pendance AM","article_modified_time":"2024-11-15T10:58:57+00:00","twitter_card":"summary_large_image","twitter_misc":{"Est. reading time":"2 minutes"},"schema":{"@context":"https:\/\/schema.org","@graph":[{"@type":"WebPage","@id":"https:\/\/www.independance-am.com\/nos-fonds\/","url":"https:\/\/www.independance-am.com\/nos-fonds\/","name":"Nuestros fondos - Ind\u00e9pendance AM","isPartOf":{"@id":"https:\/\/www.independance-am.com\/#website"},"datePublished":"2022-11-21T15:02:29+00:00","dateModified":"2024-11-15T10:58:57+00:00","description":"Notre expertise d\u2019investissement dans les PME cot\u00e9es d\u00e9clin\u00e9es sur diff\u00e9rents fonds.","breadcrumb":{"@id":"https:\/\/www.independance-am.com\/nos-fonds\/#breadcrumb"},"inLanguage":"es-ES","potentialAction":[{"@type":"ReadAction","target":["https:\/\/www.independance-am.com\/nos-fonds\/"]}]},{"@type":"BreadcrumbList","@id":"https:\/\/www.independance-am.com\/nos-fonds\/#breadcrumb","itemListElement":[{"@type":"ListItem","position":1,"name":"Accueil","item":"https:\/\/www.independance-am.com\/es\/"},{"@type":"ListItem","position":2,"name":"Nuestros fondos"}]},{"@type":"WebSite","@id":"https:\/\/www.independance-am.com\/#website","url":"https:\/\/www.independance-am.com\/","name":"Ind\u00e9pendance AM","description":"","potentialAction":[{"@type":"SearchAction","target":{"@type":"EntryPoint","urlTemplate":"https:\/\/www.independance-am.com\/?s={search_term_string}"},"query-input":{"@type":"PropertyValueSpecification","valueRequired":true,"valueName":"search_term_string"}}],"inLanguage":"es-ES"}]}},"_links":{"self":[{"href":"https:\/\/www.independance-am.com\/es\/wp-json\/wp\/v2\/pages\/3074","targetHints":{"allow":["GET"]}}],"collection":[{"href":"https:\/\/www.independance-am.com\/es\/wp-json\/wp\/v2\/pages"}],"about":[{"href":"https:\/\/www.independance-am.com\/es\/wp-json\/wp\/v2\/types\/page"}],"author":[{"embeddable":true,"href":"https:\/\/www.independance-am.com\/es\/wp-json\/wp\/v2\/users\/1"}],"replies":[{"embeddable":true,"href":"https:\/\/www.independance-am.com\/es\/wp-json\/wp\/v2\/comments?post=3074"}],"version-history":[{"count":7,"href":"https:\/\/www.independance-am.com\/es\/wp-json\/wp\/v2\/pages\/3074\/revisions"}],"predecessor-version":[{"id":5482,"href":"https:\/\/www.independance-am.com\/es\/wp-json\/wp\/v2\/pages\/3074\/revisions\/5482"}],"wp:attachment":[{"href":"https:\/\/www.independance-am.com\/es\/wp-json\/wp\/v2\/media?parent=3074"}],"curies":[{"name":"wp","href":"https:\/\/api.w.org\/{rel}","templated":true}]}}