{"id":3059,"date":"2023-01-04T09:33:22","date_gmt":"2023-01-04T08:33:22","guid":{"rendered":"https:\/\/www.independance-am.com\/investir-avec-nous\/"},"modified":"2023-05-24T15:03:32","modified_gmt":"2023-05-24T13:03:32","slug":"invierta-con-nosotros","status":"publish","type":"page","link":"https:\/\/www.independance-am.com\/es\/invierta-con-nosotros\/","title":{"rendered":"Invierta con nosotros"},"content":{"rendered":"<p>[et_pb_section fb_built=&#8221;1&#8243; custom_padding_last_edited=&#8221;on|tablet&#8221; _builder_version=&#8221;4.19.0&#8243; _module_preset=&#8221;default&#8221; background_color=&#8221;#B1A791&#8243; custom_padding=&#8221;195px||0px||false|false&#8221; custom_padding_tablet=&#8221;180px||0px||false|false&#8221; custom_padding_phone=&#8221;120px||0px||false|false&#8221; custom_css_before=&#8221;content: &#8221;;||    background-image: url(https:\/\/www.independance-am.com\/wp-content\/uploads\/2023\/01\/fond-arbre-blanc.svg);||    position: absolute;||    right: 0;||    bottom: 0;||    height: 100%;||    width: 100%;||    background-size: 1750px;||    background-position: center right;||    background-repeat: no-repeat;&#8221; custom_css_after=&#8221;content: &#8221;;||position: absolute;||top: 0;||left: 0;||width: 100%;||    height: 200px;||background: transparent linear-gradient(180deg, #B1A791 0%, #B1A791 43%, #B1A79100 100%) 0% 0% no-repeat padding-box;&#8221; global_colors_info=&#8221;{}&#8221;][\/et_pb_section][et_pb_section fb_built=&#8221;1&#8243; _builder_version=&#8221;4.19.0&#8243; _module_preset=&#8221;default&#8221; background_color=&#8221;#F5F4F2&#8243; custom_padding=&#8221;0px||0px||false|false&#8221; global_colors_info=&#8221;{}&#8221;][et_pb_row column_structure=&#8221;1_2,1_2&#8243; use_custom_gutter=&#8221;on&#8221; gutter_width=&#8221;1&#8243; _builder_version=&#8221;4.19.0&#8243; _module_preset=&#8221;default&#8221; max_width=&#8221;1400px&#8221; custom_padding=&#8221;50px|30px|68px|30px|false|false&#8221; custom_css_before=&#8221;content: &#8221;;||    background-image: url(https:\/\/www.independance-am.com\/wp-content\/uploads\/2022\/11\/fond-fleuri-big.svg);||    position: absolute;||    left: 0;||    top: 0;||    height: 253px;||    width: 338px;||    background-size: contain;||    background-repeat: no-repeat;&#8221; global_colors_info=&#8221;{}&#8221;][et_pb_column type=&#8221;1_2&#8243; _builder_version=&#8221;4.19.0&#8243; _module_preset=&#8221;default&#8221; custom_padding=&#8221;|||8%|false|false&#8221; custom_padding_tablet=&#8221;|||0%|false|false&#8221; custom_padding_phone=&#8221;|||0%|false|false&#8221; custom_padding_last_edited=&#8221;on|tablet&#8221; global_colors_info=&#8221;{}&#8221;][et_pb_post_title _builder_version=&#8221;4.19.0&#8243; _module_preset=&#8221;default&#8221; width=&#8221;350px&#8221; custom_margin=&#8221;||41px||false|false&#8221; custom_margin_tablet=&#8221;||20px||false|false&#8221; custom_margin_phone=&#8221;||20px||false|false&#8221; custom_margin_last_edited=&#8221;on|tablet&#8221; title_font_size_tablet=&#8221;34px&#8221; title_font_size_phone=&#8221;28px&#8221; title_line_height_tablet=&#8221;40px&#8221; title_line_height_phone=&#8221;36px&#8221; global_colors_info=&#8221;{}&#8221;][\/et_pb_post_title][et_pb_text _builder_version=&#8221;4.19.0&#8243; _module_preset=&#8221;default&#8221; width=&#8221;472px&#8221; max_width=&#8221;100%&#8221; custom_margin=&#8221;||28px||false|false&#8221; custom_padding_tablet=&#8221;||0px||false|false&#8221; custom_padding_phone=&#8221;||50px||false|false&#8221; custom_padding_last_edited=&#8221;on|tablet&#8221; global_colors_info=&#8221;{}&#8221;]<\/p>\n<p><strong>Est\u00e1 pensando en convertirse en accionista de nuestros fondos<\/strong><\/p>\n<p>En primer lugar, conozc\u00e1monos:<\/p>\n<p>Somos una sociedad gestora de fondos de tama\u00f1o humano que invierte en Pymes francesas y europeas que cotizan en bolsa.<\/p>\n<p>Aplicamos nuestra metodolog\u00eda Quality Value para seleccionar empresas rentables, en crecimiento y a\u00fan infravaloradas. Estas empresas, a menudo familiares, tienen modelos de negocio \u00e1giles y sostenibles, acordes con nuestros valores.<\/p>\n<p>[\/et_pb_text][et_pb_button button_text=&#8221;Desc\u00fabrenos en 3 minutos&#8221; button_alignment=&#8221;left&#8221; module_class=&#8221;button-icon video-presentation&#8221; _builder_version=&#8221;4.19.0&#8243; _module_preset=&#8221;4b490645-cfbc-4276-a215-c9174f1ff998&#8243; global_colors_info=&#8221;{}&#8221;][\/et_pb_button][\/et_pb_column][et_pb_column type=&#8221;1_2&#8243; _builder_version=&#8221;4.19.0&#8243; _module_preset=&#8221;default&#8221; custom_padding=&#8221;|||30px|false|false&#8221; custom_padding_tablet=&#8221;|20px||20px|false|false&#8221; custom_padding_phone=&#8221;|0px||0px|false|false&#8221; custom_padding_last_edited=&#8221;on|tablet&#8221; custom_css_main_element=&#8221;position: relative;&#8221; global_colors_info=&#8221;{}&#8221;][et_pb_image src=&#8221;https:\/\/www.independance-am.com\/wp-content\/uploads\/2023\/01\/investir-avec-nous.png&#8221; title_text=&#8221;investir-avec-nous&#8221; align=&#8221;right&#8221; _builder_version=&#8221;4.19.0&#8243; _module_preset=&#8221;default&#8221; custom_margin=&#8221;40px||||false|false&#8221; global_colors_info=&#8221;{}&#8221;][\/et_pb_image][\/et_pb_column][\/et_pb_row][\/et_pb_section][et_pb_section fb_built=&#8221;1&#8243; custom_padding_last_edited=&#8221;on|tablet&#8221; _builder_version=&#8221;4.19.0&#8243; _module_preset=&#8221;default&#8221; background_color=&#8221;#B1A791&#8243; custom_padding=&#8221;131px||90px||false|false&#8221; custom_padding_tablet=&#8221;50px||50px||false|false&#8221; custom_padding_phone=&#8221;50px||50px||false|false&#8221; global_colors_info=&#8221;{}&#8221;][et_pb_row _builder_version=&#8221;4.19.0&#8243; _module_preset=&#8221;default&#8221; custom_padding=&#8221;0px|30px|0px|30px|false|false&#8221; global_colors_info=&#8221;{}&#8221;][et_pb_column type=&#8221;4_4&#8243; _builder_version=&#8221;4.19.0&#8243; _module_preset=&#8221;default&#8221; global_colors_info=&#8221;{}&#8221;][et_pb_text _builder_version=&#8221;4.19.0&#8243; _module_preset=&#8221;default&#8221; header_2_text_align=&#8221;center&#8221; header_2_text_color=&#8221;#FFFFFF&#8221; custom_margin=&#8221;||10px||false|false&#8221; header_2_font_size_phone=&#8221;22px&#8221; header_2_line_height_tablet=&#8221;&#8221; header_2_line_height_phone=&#8221;28px&#8221; header_2_line_height_last_edited=&#8221;on|tablet&#8221; global_colors_info=&#8221;{}&#8221;]<\/p>\n<h2>Apoyo adaptado a su perfil<\/h2>\n<p>[\/et_pb_text][et_pb_text _builder_version=&#8221;4.19.0&#8243; _module_preset=&#8221;24b9394e-c3eb-4f84-9367-7afd85adfd6e&#8221; text_font=&#8221;Montserrat||||||||&#8221; text_text_color=&#8221;#FFFFFF&#8221; text_orientation=&#8221;center&#8221; width=&#8221;1000px&#8221; max_width=&#8221;100%&#8221; module_alignment=&#8221;center&#8221; custom_margin=&#8221;||77px||false|false&#8221; text_font_size_tablet=&#8221;&#8221; text_font_size_phone=&#8221;&#8221; text_font_size_last_edited=&#8221;on|phone&#8221; text_line_height_phone=&#8221;22px&#8221; global_colors_info=&#8221;{}&#8221;]<\/p>\n<p>Ofrecemos experiencia inversora a cuatro perfiles distintos de inversores. <br \/>Podemos ofrecerle nuestros fondos abiertos, fondos dedicados o mandatos.<\/p>\n<p>[\/et_pb_text][et_pb_image src=&#8221;https:\/\/www.independance-am.com\/wp-content\/uploads\/2023\/05\/schema.png&#8221; title_text=&#8221;schema&#8221; align=&#8221;center&#8221; _builder_version=&#8221;4.19.0&#8243; _module_preset=&#8221;default&#8221; hover_enabled=&#8221;0&#8243; global_colors_info=&#8221;{}&#8221; sticky_enabled=&#8221;0&#8243;][\/et_pb_image][\/et_pb_column][\/et_pb_row][\/et_pb_section][et_pb_section fb_built=&#8221;1&#8243; _builder_version=&#8221;4.19.0&#8243; _module_preset=&#8221;default&#8221; custom_padding=&#8221;75px||0px||false|false&#8221; global_colors_info=&#8221;{}&#8221;][et_pb_row _builder_version=&#8221;4.19.0&#8243; _module_preset=&#8221;default&#8221; global_colors_info=&#8221;{}&#8221;][et_pb_column type=&#8221;4_4&#8243; _builder_version=&#8221;4.19.0&#8243; _module_preset=&#8221;default&#8221; global_colors_info=&#8221;{}&#8221;][et_pb_text module_class=&#8221;fond-fleuri bottom&#8221; _builder_version=&#8221;4.19.0&#8243; _module_preset=&#8221;default&#8221; header_2_font=&#8221;Merriweather|700|||||||&#8221; header_2_text_align=&#8221;center&#8221; header_2_font_size=&#8221;40px&#8221; header_2_line_height=&#8221;50px&#8221; custom_margin=&#8221;||20px||false|false&#8221; global_colors_info=&#8221;{}&#8221;]<\/p>\n<h2>Nuestras inversiones<br \/>en transparencia total<\/h2>\n<p>[\/et_pb_text][et_pb_text _builder_version=&#8221;4.19.0&#8243; _module_preset=&#8221;default&#8221; text_font=&#8221;Montserrat|600|||||||&#8221; text_orientation=&#8221;center&#8221; width=&#8221;826px&#8221; max_width=&#8221;100%&#8221; module_alignment=&#8221;center&#8221; global_colors_info=&#8221;{}&#8221;]<\/p>\n<p>Durante treinta a\u00f1os, nos hemos comprometido a establecer una relaci\u00f3n de confianza con los inversores que nos conf\u00edan su capital, as\u00ed como con las empresas en las que invertimos.<br \/>Asumimos tres compromisos con usted:<\/p>\n<p>[\/et_pb_text][\/et_pb_column][\/et_pb_row][et_pb_row column_structure=&#8221;1_3,1_3,1_3&#8243; use_custom_gutter=&#8221;on&#8221; make_equal=&#8221;on&#8221; _builder_version=&#8221;4.19.0&#8243; _module_preset=&#8221;default&#8221; max_width=&#8221;1390px&#8221; custom_margin=&#8221;||-210px||false|false&#8221; custom_padding=&#8221;25px|30px|0px|30px|false|false&#8221; global_colors_info=&#8221;{}&#8221;][et_pb_column type=&#8221;1_3&#8243; _builder_version=&#8221;4.19.0&#8243; _module_preset=&#8221;cae07e65-e051-47e1-b043-5cff2cc359d8&#8243; global_colors_info=&#8221;{}&#8221;][et_pb_text _builder_version=&#8221;4.19.0&#8243; _module_preset=&#8221;default&#8221; text_font=&#8221;Montserrat|600|||||||&#8221; text_font_size=&#8221;20px&#8221; text_line_height=&#8221;24px&#8221; text_orientation=&#8221;center&#8221; width=&#8221;220px&#8221; max_width=&#8221;100%&#8221; module_alignment=&#8221;center&#8221; global_colors_info=&#8221;{}&#8221;]<\/p>\n<p>Respetamos la metodolog\u00eda de inversi\u00f3n anunciada<\/p>\n<p>[\/et_pb_text][et_pb_button button_url=&#8221;@ET-DC@eyJkeW5hbWljIjp0cnVlLCJjb250ZW50IjoicG9zdF9saW5rX3VybF9wYWdlIiwic2V0dGluZ3MiOnsicG9zdF9pZCI6IjEwNDYifX0=@&#8221; button_text=&#8221;M\u00e1s informaci\u00f3n&#8221; button_alignment=&#8221;center&#8221; _builder_version=&#8221;4.19.0&#8243; _dynamic_attributes=&#8221;button_url&#8221; _module_preset=&#8221;060b5147-791f-4cf7-8292-bd23f1baa784&#8243; global_colors_info=&#8221;{}&#8221;][\/et_pb_button][\/et_pb_column][et_pb_column type=&#8221;1_3&#8243; _builder_version=&#8221;4.19.0&#8243; _module_preset=&#8221;cae07e65-e051-47e1-b043-5cff2cc359d8&#8243; custom_css_before=&#8221;content: &#8216;2&#8217;;||position: absolute;||left: 50%;||top: -32px;||transform: translateX(-50%);||background: #0F2B48;||color: white;||font-size: 27px;||line-height: 34px;||width: 48px;||height: 48px;||display: flex;||justify-content: center;||align-items: center;||font-weight: bold;||font-family: &#8216;Merriweather&#8217;,Georgia,%22Times New Roman%22,serif;&#8221; global_colors_info=&#8221;{}&#8221;][et_pb_text _builder_version=&#8221;4.19.0&#8243; _module_preset=&#8221;default&#8221; text_font=&#8221;Montserrat|600|||||||&#8221; text_font_size=&#8221;20px&#8221; text_line_height=&#8221;24px&#8221; text_orientation=&#8221;center&#8221; width=&#8221;304px&#8221; max_width=&#8221;100%&#8221; global_colors_info=&#8221;{}&#8221;]<\/p>\n<p>Le proporcionamos un informe mensual transparente sobre la composici\u00f3n y el rendimiento de las carteras<\/p>\n<p>[\/et_pb_text][et_pb_button button_url=&#8221;@ET-DC@eyJkeW5hbWljIjp0cnVlLCJjb250ZW50IjoicG9zdF9saW5rX3VybF9wYWdlIiwic2V0dGluZ3MiOnsicG9zdF9pZCI6IjI2In19@&#8221; button_text=&#8221;Suscribirse a la lista de seguimiento&#8221; button_alignment=&#8221;center&#8221; _builder_version=&#8221;4.19.0&#8243; _dynamic_attributes=&#8221;button_url&#8221; _module_preset=&#8221;060b5147-791f-4cf7-8292-bd23f1baa784&#8243; button_text_size=&#8221;12px&#8221; global_colors_info=&#8221;{}&#8221;][\/et_pb_button][\/et_pb_column][et_pb_column type=&#8221;1_3&#8243; _builder_version=&#8221;4.19.0&#8243; _module_preset=&#8221;cae07e65-e051-47e1-b043-5cff2cc359d8&#8243; custom_css_before=&#8221;content: &#8216;3&#8217;;||position: absolute;||left: 50%;||top: -32px;||transform: translateX(-50%);||background: #0F2B48;||color: white;||font-size: 27px;||line-height: 34px;||width: 48px;||height: 48px;||display: flex;||justify-content: center;||align-items: center;||font-weight: bold;||font-family: &#8216;Merriweather&#8217;,Georgia,%22Times New Roman%22,serif;&#8221; global_colors_info=&#8221;{}&#8221;][et_pb_text _builder_version=&#8221;4.19.0&#8243; _module_preset=&#8221;default&#8221; text_font=&#8221;Montserrat|600|||||||&#8221; text_font_size=&#8221;20px&#8221; text_line_height=&#8221;24px&#8221; text_orientation=&#8221;center&#8221; width=&#8221;275px&#8221; max_width=&#8221;100%&#8221; custom_margin=&#8221;||73px||false|false&#8221; global_colors_info=&#8221;{}&#8221;]<\/p>\n<p>Nuestros gestores y nuestro equipo de relaciones con los inversores est\u00e1n a su disposici\u00f3n<\/p>\n<p>[\/et_pb_text][et_pb_button button_url=&#8221;@ET-DC@eyJkeW5hbWljIjp0cnVlLCJjb250ZW50IjoicG9zdF9saW5rX3VybF9wYWdlIiwic2V0dGluZ3MiOnsicG9zdF9pZCI6IjI2In19@&#8221; button_text=&#8221;Contacto&#8221; button_alignment=&#8221;center&#8221; _builder_version=&#8221;4.19.0&#8243; _dynamic_attributes=&#8221;button_url&#8221; _module_preset=&#8221;060b5147-791f-4cf7-8292-bd23f1baa784&#8243; global_colors_info=&#8221;{}&#8221;][\/et_pb_button][\/et_pb_column][\/et_pb_row][\/et_pb_section][et_pb_section fb_built=&#8221;1&#8243; _builder_version=&#8221;4.19.0&#8243; _module_preset=&#8221;default&#8221; background_image=&#8221;https:\/\/www.independance-am.com\/wp-content\/uploads\/2023\/01\/investissement-transparence.jpg&#8221; min_height=&#8221;415px&#8221; global_colors_info=&#8221;{}&#8221;][\/et_pb_section][et_pb_section fb_built=&#8221;1&#8243; _builder_version=&#8221;4.19.0&#8243; _module_preset=&#8221;default&#8221; background_color=&#8221;#F5F4F2&#8243; custom_padding=&#8221;90px||||false|false&#8221; global_colors_info=&#8221;{}&#8221;][et_pb_row _builder_version=&#8221;4.19.0&#8243; _module_preset=&#8221;default&#8221; global_colors_info=&#8221;{}&#8221;][et_pb_column type=&#8221;4_4&#8243; _builder_version=&#8221;4.19.0&#8243; _module_preset=&#8221;default&#8221; global_colors_info=&#8221;{}&#8221;][et_pb_text module_class=&#8221;fond-fleuri bottom noir opacity&#8221; _builder_version=&#8221;4.19.0&#8243; _module_preset=&#8221;default&#8221; header_2_font=&#8221;Merriweather|700|||||||&#8221; header_2_text_align=&#8221;center&#8221; header_2_font_size=&#8221;40px&#8221; header_2_line_height=&#8221;50px&#8221; custom_margin=&#8221;||20px||false|false&#8221; global_colors_info=&#8221;{}&#8221;]<\/p>\n<h2>Canales de contrataci\u00f3n de nuestros fondos<\/h2>\n<p>[\/et_pb_text][et_pb_text _builder_version=&#8221;4.19.0&#8243; _module_preset=&#8221;default&#8221; text_font=&#8221;Montserrat|600|||||||&#8221; text_font_size=&#8221;20px&#8221; text_line_height=&#8221;24px&#8221; text_orientation=&#8221;center&#8221; width=&#8221;826px&#8221; max_width=&#8221;100%&#8221; module_alignment=&#8221;center&#8221; global_colors_info=&#8221;{}&#8221;]<\/p>\n<p>Nuestros fondos cotizan y est\u00e1n disponibles para la inversi\u00f3n a trav\u00e9s de:<\/p>\n<p>[\/et_pb_text][diex_slider_fonds _builder_version=&#8221;4.19.0&#8243; _module_preset=&#8221;default&#8221; global_colors_info=&#8221;{}&#8221;][\/diex_slider_fonds][\/et_pb_column][\/et_pb_row][\/et_pb_section][et_pb_section fb_built=&#8221;1&#8243; custom_padding_last_edited=&#8221;on|phone&#8221; _builder_version=&#8221;4.19.0&#8243; _module_preset=&#8221;default&#8221; background_color=&#8221;#0F2B48&#8243; custom_padding_tablet=&#8221;&#8221; custom_padding_phone=&#8221;||0px||false|false&#8221; saved_tabs=&#8221;all&#8221; global_colors_info=&#8221;{}&#8221;][et_pb_row _builder_version=&#8221;4.19.0&#8243; _module_preset=&#8221;default&#8221; custom_padding=&#8221;0px|30px|0px|30px|false|false&#8221; global_colors_info=&#8221;{}&#8221;][et_pb_column type=&#8221;4_4&#8243; _builder_version=&#8221;4.19.0&#8243; _module_preset=&#8221;default&#8221; global_colors_info=&#8221;{}&#8221;][et_pb_text _builder_version=&#8221;4.19.0&#8243; _module_preset=&#8221;default&#8221; header_2_text_align=&#8221;center&#8221; header_2_text_color=&#8221;#FFFFFF&#8221; header_2_font_size=&#8221;22px&#8221; header_2_line_height=&#8221;27px&#8221; custom_margin=&#8221;||14px||false|false&#8221; header_2_font_size_phone=&#8221;22px&#8221; header_2_line_height_phone=&#8221;28px&#8221; global_colors_info=&#8221;{}&#8221;]<\/p>\n<h2>Quiere invertir, tiene una pregunta.<br \/>Nuestros equipos le responder\u00e1n<\/h2>\n<p>[\/et_pb_text][et_pb_button button_url=&#8221;@ET-DC@eyJkeW5hbWljIjp0cnVlLCJjb250ZW50IjoicG9zdF9saW5rX3VybF9wYWdlIiwic2V0dGluZ3MiOnsicG9zdF9pZCI6IjI2In19@&#8221; button_text=&#8221;Contacto Ind\u00e9pendance AM&#8221; button_alignment=&#8221;center&#8221; _builder_version=&#8221;4.19.0&#8243; _dynamic_attributes=&#8221;button_url&#8221; _module_preset=&#8221;a3d5c598-2969-4242-8611-85cbfec65031&#8243; global_colors_info=&#8221;{}&#8221;][\/et_pb_button][\/et_pb_column][\/et_pb_row][\/et_pb_section]<\/p>\n","protected":false},"excerpt":{"rendered":"<p>Est\u00e1 pensando en convertirse en accionista de nuestros fondos En primer lugar, conozc\u00e1monos: Somos una sociedad gestora de fondos de tama\u00f1o humano que invierte en Pymes francesas y europeas que cotizan en bolsa. Aplicamos nuestra metodolog\u00eda Quality Value para seleccionar empresas rentables, en crecimiento y a\u00fan infravaloradas. Estas empresas, a menudo familiares, tienen modelos de [&hellip;]<\/p>\n","protected":false},"author":1,"featured_media":0,"parent":0,"menu_order":0,"comment_status":"closed","ping_status":"closed","template":"","meta":{"_acf_changed":false,"_et_pb_use_builder":"on","_et_pb_old_content":"<!-- wp:divi\/placeholder \/-->","_et_gb_content_width":"","footnotes":""},"class_list":["post-3059","page","type-page","status-publish","hentry"],"acf":[],"yoast_head":"<!-- This site is optimized with the Yoast SEO plugin v26.7 - https:\/\/yoast.com\/wordpress\/plugins\/seo\/ -->\n<title>Invierta con nosotros - Ind\u00e9pendance AM<\/title>\n<meta name=\"description\" content=\"Nous sommes une soci\u00e9t\u00e9 de gestion \u00e0 taille humaine, qui investit dans les PME cot\u00e9es fran\u00e7aises et europ\u00e9ennes.\" \/>\n<meta name=\"robots\" content=\"index, follow, max-snippet:-1, max-image-preview:large, max-video-preview:-1\" \/>\n<link rel=\"canonical\" href=\"https:\/\/www.independance-am.com\/es\/invierta-con-nosotros\/\" \/>\n<meta property=\"og:locale\" content=\"es_ES\" \/>\n<meta property=\"og:type\" content=\"article\" \/>\n<meta property=\"og:title\" content=\"Invierta con nosotros - Ind\u00e9pendance AM\" \/>\n<meta property=\"og:description\" content=\"Nous sommes une soci\u00e9t\u00e9 de gestion \u00e0 taille humaine, qui investit dans les PME cot\u00e9es fran\u00e7aises et europ\u00e9ennes.\" \/>\n<meta property=\"og:url\" content=\"https:\/\/www.independance-am.com\/es\/invierta-con-nosotros\/\" \/>\n<meta property=\"og:site_name\" content=\"Ind\u00e9pendance AM\" \/>\n<meta property=\"article:modified_time\" content=\"2023-05-24T13:03:32+00:00\" \/>\n<meta name=\"twitter:card\" content=\"summary_large_image\" \/>\n<meta name=\"twitter:label1\" content=\"Est. reading time\" \/>\n\t<meta name=\"twitter:data1\" content=\"4 minutes\" \/>\n<script type=\"application\/ld+json\" class=\"yoast-schema-graph\">{\"@context\":\"https:\/\/schema.org\",\"@graph\":[{\"@type\":\"WebPage\",\"@id\":\"https:\/\/www.independance-am.com\/es\/invierta-con-nosotros\/\",\"url\":\"https:\/\/www.independance-am.com\/es\/invierta-con-nosotros\/\",\"name\":\"Invierta con nosotros - Ind\u00e9pendance AM\",\"isPartOf\":{\"@id\":\"https:\/\/www.independance-am.com\/#website\"},\"datePublished\":\"2023-01-04T08:33:22+00:00\",\"dateModified\":\"2023-05-24T13:03:32+00:00\",\"description\":\"Nous sommes une soci\u00e9t\u00e9 de gestion \u00e0 taille humaine, qui investit dans les PME cot\u00e9es fran\u00e7aises et europ\u00e9ennes.\",\"breadcrumb\":{\"@id\":\"https:\/\/www.independance-am.com\/es\/invierta-con-nosotros\/#breadcrumb\"},\"inLanguage\":\"es-ES\",\"potentialAction\":[{\"@type\":\"ReadAction\",\"target\":[\"https:\/\/www.independance-am.com\/es\/invierta-con-nosotros\/\"]}]},{\"@type\":\"BreadcrumbList\",\"@id\":\"https:\/\/www.independance-am.com\/es\/invierta-con-nosotros\/#breadcrumb\",\"itemListElement\":[{\"@type\":\"ListItem\",\"position\":1,\"name\":\"Accueil\",\"item\":\"https:\/\/www.independance-am.com\/es\/\"},{\"@type\":\"ListItem\",\"position\":2,\"name\":\"Invierta con nosotros\"}]},{\"@type\":\"WebSite\",\"@id\":\"https:\/\/www.independance-am.com\/#website\",\"url\":\"https:\/\/www.independance-am.com\/\",\"name\":\"Ind\u00e9pendance AM\",\"description\":\"\",\"potentialAction\":[{\"@type\":\"SearchAction\",\"target\":{\"@type\":\"EntryPoint\",\"urlTemplate\":\"https:\/\/www.independance-am.com\/?s={search_term_string}\"},\"query-input\":{\"@type\":\"PropertyValueSpecification\",\"valueRequired\":true,\"valueName\":\"search_term_string\"}}],\"inLanguage\":\"es-ES\"}]}<\/script>\n<!-- \/ Yoast SEO plugin. -->","yoast_head_json":{"title":"Invierta con nosotros - Ind\u00e9pendance AM","description":"Nous sommes une soci\u00e9t\u00e9 de gestion \u00e0 taille humaine, qui investit dans les PME cot\u00e9es fran\u00e7aises et europ\u00e9ennes.","robots":{"index":"index","follow":"follow","max-snippet":"max-snippet:-1","max-image-preview":"max-image-preview:large","max-video-preview":"max-video-preview:-1"},"canonical":"https:\/\/www.independance-am.com\/es\/invierta-con-nosotros\/","og_locale":"es_ES","og_type":"article","og_title":"Invierta con nosotros - Ind\u00e9pendance AM","og_description":"Nous sommes une soci\u00e9t\u00e9 de gestion \u00e0 taille humaine, qui investit dans les PME cot\u00e9es fran\u00e7aises et europ\u00e9ennes.","og_url":"https:\/\/www.independance-am.com\/es\/invierta-con-nosotros\/","og_site_name":"Ind\u00e9pendance AM","article_modified_time":"2023-05-24T13:03:32+00:00","twitter_card":"summary_large_image","twitter_misc":{"Est. reading time":"4 minutes"},"schema":{"@context":"https:\/\/schema.org","@graph":[{"@type":"WebPage","@id":"https:\/\/www.independance-am.com\/es\/invierta-con-nosotros\/","url":"https:\/\/www.independance-am.com\/es\/invierta-con-nosotros\/","name":"Invierta con nosotros - Ind\u00e9pendance AM","isPartOf":{"@id":"https:\/\/www.independance-am.com\/#website"},"datePublished":"2023-01-04T08:33:22+00:00","dateModified":"2023-05-24T13:03:32+00:00","description":"Nous sommes une soci\u00e9t\u00e9 de gestion \u00e0 taille humaine, qui investit dans les PME cot\u00e9es fran\u00e7aises et europ\u00e9ennes.","breadcrumb":{"@id":"https:\/\/www.independance-am.com\/es\/invierta-con-nosotros\/#breadcrumb"},"inLanguage":"es-ES","potentialAction":[{"@type":"ReadAction","target":["https:\/\/www.independance-am.com\/es\/invierta-con-nosotros\/"]}]},{"@type":"BreadcrumbList","@id":"https:\/\/www.independance-am.com\/es\/invierta-con-nosotros\/#breadcrumb","itemListElement":[{"@type":"ListItem","position":1,"name":"Accueil","item":"https:\/\/www.independance-am.com\/es\/"},{"@type":"ListItem","position":2,"name":"Invierta con nosotros"}]},{"@type":"WebSite","@id":"https:\/\/www.independance-am.com\/#website","url":"https:\/\/www.independance-am.com\/","name":"Ind\u00e9pendance AM","description":"","potentialAction":[{"@type":"SearchAction","target":{"@type":"EntryPoint","urlTemplate":"https:\/\/www.independance-am.com\/?s={search_term_string}"},"query-input":{"@type":"PropertyValueSpecification","valueRequired":true,"valueName":"search_term_string"}}],"inLanguage":"es-ES"}]}},"_links":{"self":[{"href":"https:\/\/www.independance-am.com\/es\/wp-json\/wp\/v2\/pages\/3059","targetHints":{"allow":["GET"]}}],"collection":[{"href":"https:\/\/www.independance-am.com\/es\/wp-json\/wp\/v2\/pages"}],"about":[{"href":"https:\/\/www.independance-am.com\/es\/wp-json\/wp\/v2\/types\/page"}],"author":[{"embeddable":true,"href":"https:\/\/www.independance-am.com\/es\/wp-json\/wp\/v2\/users\/1"}],"replies":[{"embeddable":true,"href":"https:\/\/www.independance-am.com\/es\/wp-json\/wp\/v2\/comments?post=3059"}],"version-history":[{"count":7,"href":"https:\/\/www.independance-am.com\/es\/wp-json\/wp\/v2\/pages\/3059\/revisions"}],"predecessor-version":[{"id":3590,"href":"https:\/\/www.independance-am.com\/es\/wp-json\/wp\/v2\/pages\/3059\/revisions\/3590"}],"wp:attachment":[{"href":"https:\/\/www.independance-am.com\/es\/wp-json\/wp\/v2\/media?parent=3059"}],"curies":[{"name":"wp","href":"https:\/\/api.w.org\/{rel}","templated":true}]}}