{"id":3035,"date":"2023-01-04T10:54:21","date_gmt":"2023-01-04T09:54:21","guid":{"rendered":"https:\/\/www.independance-am.com\/quienes-somos\/notre-histoire\/"},"modified":"2023-03-01T15:26:35","modified_gmt":"2023-03-01T14:26:35","slug":"nuestra-historia","status":"publish","type":"page","link":"https:\/\/www.independance-am.com\/es\/quienes-somos\/nuestra-historia\/","title":{"rendered":"Nuestra historia"},"content":{"rendered":"<p>[et_pb_section fb_built=&#8221;1&#8243; custom_padding_last_edited=&#8221;on|tablet&#8221; _builder_version=&#8221;4.19.0&#8243; _module_preset=&#8221;default&#8221; background_color=&#8221;#0F2B48&#8243; custom_padding=&#8221;195px||0px||false|false&#8221; custom_padding_tablet=&#8221;180px||0px||false|false&#8221; custom_padding_phone=&#8221;120px||0px||false|false&#8221; custom_css_before=&#8221;content: &#8221;;||    background-image: url(https:\/\/www.independance-am.com\/wp-content\/uploads\/2022\/11\/fond-arbre-bleu-1.svg);||    position: absolute;||    right: 0;||    bottom: 0;||    height: 100%;||    width: 100%;||    background-size: 1550px;||    background-position: center right;||    background-repeat: no-repeat;&#8221; custom_css_after=&#8221;content: &#8221;;||position: absolute;||top: 0;||left: 0;||width: 100%;||    height: 200px;||background: linear-gradient(180deg, rgba(15,43,72,1) 0%, rgba(15,43,72,0.896796218487395) 33%, rgba(15,43,72,0.5802696078431373) 73%, rgba(15,43,72,0) 100%);&#8221; global_colors_info=&#8221;{}&#8221;][et_pb_row custom_padding_last_edited=&#8221;on|phone&#8221; _builder_version=&#8221;4.19.0&#8243; _module_preset=&#8221;default&#8221; custom_padding=&#8221;0px|30px|0px|30px|false|false&#8221; custom_padding_tablet=&#8221;25px|0px|0px|0px|false|false&#8221; custom_padding_phone=&#8221;25px|0px|0px|0px|false|false&#8221; global_colors_info=&#8221;{}&#8221;][et_pb_column type=&#8221;4_4&#8243; _builder_version=&#8221;4.19.0&#8243; _module_preset=&#8221;default&#8221; global_colors_info=&#8221;{}&#8221;][diex_navigation_pages color=&#8221;blue&#8221; _builder_version=&#8221;4.19.0&#8243; _module_preset=&#8221;default&#8221; global_colors_info=&#8221;{}&#8221;][\/diex_navigation_pages][\/et_pb_column][\/et_pb_row][\/et_pb_section][et_pb_section fb_built=&#8221;1&#8243; _builder_version=&#8221;4.19.0&#8243; _module_preset=&#8221;default&#8221; background_color=&#8221;#e8f0f9&#8243; custom_padding=&#8221;0px||||false|false&#8221; global_colors_info=&#8221;{}&#8221;][et_pb_row column_structure=&#8221;1_2,1_2&#8243; use_custom_gutter=&#8221;on&#8221; gutter_width=&#8221;1&#8243; _builder_version=&#8221;4.19.0&#8243; _module_preset=&#8221;default&#8221; max_width=&#8221;1400px&#8221; custom_padding=&#8221;68px|30px|45px|30px|false|false&#8221; custom_css_before=&#8221;content: &#8221;;||    background-image: url(https:\/\/www.independance-am.com\/wp-content\/uploads\/2023\/01\/fond-fleuri-big-bleu.svg);||    position: absolute;||    left: 0;||    top: 0;||    height: 253px;||    width: 338px;||    background-size: contain;||    background-repeat: no-repeat;&#8221; global_colors_info=&#8221;{}&#8221;][et_pb_column type=&#8221;1_2&#8243; _builder_version=&#8221;4.19.0&#8243; _module_preset=&#8221;default&#8221; custom_padding=&#8221;|||8%|false|false&#8221; custom_padding_tablet=&#8221;|||0%|false|false&#8221; custom_padding_phone=&#8221;|||0%|false|false&#8221; custom_padding_last_edited=&#8221;on|tablet&#8221; global_colors_info=&#8221;{}&#8221;][et_pb_text _builder_version=&#8221;4.19.0&#8243; _module_preset=&#8221;default&#8221; text_font=&#8221;Montserrat|||on|||||&#8221; text_text_color=&#8221;#7599BE&#8221; text_font_size=&#8221;24px&#8221; text_line_height=&#8221;29px&#8221; custom_margin=&#8221;||8px||false|false&#8221; hover_enabled=&#8221;0&#8243; global_colors_info=&#8221;{}&#8221; sticky_enabled=&#8221;0&#8243;]<\/p>\n<p>Qui\u00e9nes somos<\/p>\n<p>[\/et_pb_text][et_pb_post_title _builder_version=&#8221;4.19.0&#8243; _module_preset=&#8221;default&#8221; title_text_color=&#8221;#7599BE&#8221; width=&#8221;450px&#8221; max_width=&#8221;100%&#8221; custom_margin=&#8221;||41px||false|false&#8221; custom_margin_tablet=&#8221;||20px||false|false&#8221; custom_margin_phone=&#8221;||20px||false|false&#8221; custom_margin_last_edited=&#8221;on|tablet&#8221; title_font_size_tablet=&#8221;34px&#8221; title_font_size_phone=&#8221;28px&#8221; title_line_height_tablet=&#8221;40px&#8221; title_line_height_phone=&#8221;36px&#8221; global_colors_info=&#8221;{}&#8221;][\/et_pb_post_title][et_pb_text _builder_version=&#8221;4.19.0&#8243; _module_preset=&#8221;default&#8221; text_font=&#8221;Montserrat|500|||||||&#8221; width=&#8221;472px&#8221; max_width=&#8221;100%&#8221; custom_margin=&#8221;||36px||false|false&#8221; custom_margin_tablet=&#8221;||36px||false|false&#8221; custom_margin_phone=&#8221;||36px||false|false&#8221; custom_margin_last_edited=&#8221;on|tablet&#8221; custom_padding_tablet=&#8221;||||false|false&#8221; custom_padding_phone=&#8221;||||false|false&#8221; custom_padding_last_edited=&#8221;on|phone&#8221; global_colors_info=&#8221;{}&#8221;]<\/p>\n<p><strong>El Fondo Ind\u00e9pendance et Expansion se cre\u00f3 en 1990 y William Higgons se convirti\u00f3 en su gestor en 1992. <\/strong><\/p>\n<p>&#8220;Sin teor\u00eda, el hombre est\u00e1 condenado a repetir los mismos errores una y otra vez&#8221;.<\/p>\n<p>William Higgons tom\u00f3 esta cita atribuida a Leonardo da Vinci y decidi\u00f3 aplicar una metodolog\u00eda de inversi\u00f3n clara y reproducible. Observando las decisiones de otros gestores de fondos de su entorno, descubri\u00f3 que la mayor\u00eda eran \u201cstock pickers\u201d que segu\u00edan su intuici\u00f3n sin una estrategia clara. Como experto en la literatura acad\u00e9mica estadounidense, recurri\u00f3 a estudios sobre el rendimiento superior de las peque\u00f1as empresas cotizadas durante un largo periodo. Por ello, decidi\u00f3 reposicionar el fondo en las Pymes cotizadas, utilizando la estrategia \u00ab Quality Value \u00bb. Esta estrategia result\u00f3 especialmente fruct\u00edfera: el fondo hist\u00f3rico &#8220;Ind\u00e9pendance France Small&#8221; se convirti\u00f3 en uno de los m\u00e1s rentables de Europa durante 30 a\u00f1os.<\/p>\n<p>[\/et_pb_text][et_pb_text _builder_version=&#8221;4.19.0&#8243; _module_preset=&#8221;default&#8221; text_font=&#8221;Montserrat|500|||||||&#8221; width=&#8221;472px&#8221; max_width=&#8221;100%&#8221; custom_margin=&#8221;||36px||false|false&#8221; custom_padding_tablet=&#8221;||||false|false&#8221; custom_padding_phone=&#8221;||||false|false&#8221; custom_padding_last_edited=&#8221;on|phone&#8221; global_colors_info=&#8221;{}&#8221;]<\/p>\n<p><strong>Entre 2001 y 2006<\/strong>, William Higgons asumi\u00f3 el control de toda la actividad de Ind\u00e9pendance et Expansion, que pas\u00f3 a ser independiente. El equipo se ampli\u00f3 con la contrataci\u00f3n gradual de expertos. El fondo Europe small se cre\u00f3 en 2018, el Family Value en 2021.<\/p>\n<p>[\/et_pb_text][et_pb_text _builder_version=&#8221;4.19.0&#8243; _module_preset=&#8221;default&#8221; text_font=&#8221;Montserrat|500|||||||&#8221; width=&#8221;472px&#8221; max_width=&#8221;100%&#8221; custom_padding_tablet=&#8221;||50px||false|false&#8221; custom_padding_phone=&#8221;||50px||false|false&#8221; custom_padding_last_edited=&#8221;on|tablet&#8221; global_colors_info=&#8221;{}&#8221;]<\/p>\n<p><strong>En 2023, la empresa cambi\u00f3 su identidad para expresar mejor su visi\u00f3n y se convirti\u00f3 en Ind\u00e9pendance AM<\/strong>. Un nuevo nombre para principios constantes.<\/p>\n<p>[\/et_pb_text][\/et_pb_column][et_pb_column type=&#8221;1_2&#8243; _builder_version=&#8221;4.19.0&#8243; _module_preset=&#8221;default&#8221; custom_padding=&#8221;|||30px|false|false&#8221; custom_padding_tablet=&#8221;|20px||20px|false|false&#8221; custom_padding_phone=&#8221;|0px||0px|false|false&#8221; custom_padding_last_edited=&#8221;on|tablet&#8221; custom_css_main_element=&#8221;position: relative;&#8221; global_colors_info=&#8221;{}&#8221;][et_pb_image src=&#8221;https:\/\/www.independance-am.com\/wp-content\/uploads\/2023\/03\/nuestra-historia.png&#8221; title_text=&#8221;NUESTRA_HISTORIA&#8221; _builder_version=&#8221;4.19.0&#8243; _module_preset=&#8221;default&#8221; hover_enabled=&#8221;0&#8243; global_colors_info=&#8221;{}&#8221; sticky_enabled=&#8221;0&#8243;][\/et_pb_image][\/et_pb_column][\/et_pb_row][\/et_pb_section][et_pb_section fb_built=&#8221;1&#8243; custom_padding_last_edited=&#8221;on|phone&#8221; _builder_version=&#8221;4.19.0&#8243; _module_preset=&#8221;default&#8221; background_color=&#8221;#0F2B48&#8243; custom_padding_tablet=&#8221;&#8221; custom_padding_phone=&#8221;||0px||false|false&#8221; saved_tabs=&#8221;all&#8221; global_colors_info=&#8221;{}&#8221;][et_pb_row _builder_version=&#8221;4.19.0&#8243; _module_preset=&#8221;default&#8221; custom_padding=&#8221;0px|30px|0px|30px|false|false&#8221; global_colors_info=&#8221;{}&#8221;][et_pb_column type=&#8221;4_4&#8243; _builder_version=&#8221;4.19.0&#8243; _module_preset=&#8221;default&#8221; global_colors_info=&#8221;{}&#8221;][et_pb_text _builder_version=&#8221;4.19.0&#8243; _module_preset=&#8221;default&#8221; header_2_text_align=&#8221;center&#8221; header_2_text_color=&#8221;#FFFFFF&#8221; header_2_font_size=&#8221;22px&#8221; header_2_line_height=&#8221;27px&#8221; custom_margin=&#8221;||14px||false|false&#8221; header_2_font_size_phone=&#8221;22px&#8221; header_2_line_height_phone=&#8221;28px&#8221; global_colors_info=&#8221;{}&#8221;]<\/p>\n<h2>Quiere invertir, tiene una pregunta.<br \/>Nuestros equipos le responder\u00e1n<\/h2>\n<p>[\/et_pb_text][et_pb_button button_url=&#8221;@ET-DC@eyJkeW5hbWljIjp0cnVlLCJjb250ZW50IjoicG9zdF9saW5rX3VybF9wYWdlIiwic2V0dGluZ3MiOnsicG9zdF9pZCI6IjI2In19@&#8221; button_text=&#8221;Contacto Ind\u00e9pendance AM&#8221; button_alignment=&#8221;center&#8221; _builder_version=&#8221;4.19.0&#8243; _dynamic_attributes=&#8221;button_url&#8221; _module_preset=&#8221;a3d5c598-2969-4242-8611-85cbfec65031&#8243; hover_enabled=&#8221;0&#8243; global_colors_info=&#8221;{}&#8221; sticky_enabled=&#8221;0&#8243;][\/et_pb_button][\/et_pb_column][\/et_pb_row][\/et_pb_section]<\/p>\n","protected":false},"excerpt":{"rendered":"<p><div class=\"et_pb_module diex_navigation_pages diex_navigation_pages_0\">\n\t\t\t\t\n\t\t\t\t\n\t\t\t\t\n\t\t\t\t\n\t\t\t\t\n\t\t\t\t\n\t\t\t\t<div class=\"et_pb_module_inner\">\n\t\t\t\t\t\n        \n\t\t\t\t<\/div>\n\t\t\t<\/div>Qui\u00e9nes somosEl Fondo Ind\u00e9pendance et Expansion se cre\u00f3 en 1990 y William Higgons se convirti\u00f3 en su gestor en 1992. &#8220;Sin teor\u00eda, el hombre est\u00e1 condenado a repetir los mismos errores una y otra vez&#8221;. William Higgons tom\u00f3 esta cita atribuida a Leonardo da Vinci y decidi\u00f3 aplicar una metodolog\u00eda de [&hellip;]<\/p>\n","protected":false},"author":1,"featured_media":0,"parent":3009,"menu_order":0,"comment_status":"closed","ping_status":"closed","template":"","meta":{"_acf_changed":false,"_et_pb_use_builder":"on","_et_pb_old_content":"<!-- wp:divi\/placeholder \/-->","_et_gb_content_width":"","footnotes":""},"class_list":["post-3035","page","type-page","status-publish","hentry"],"acf":[],"yoast_head":"<!-- This site is optimized with the Yoast SEO plugin v26.7 - https:\/\/yoast.com\/wordpress\/plugins\/seo\/ -->\n<title>Nuestra historia - Ind\u00e9pendance AM<\/title>\n<meta name=\"description\" content=\"Le fonds Ind\u00e9pendance et Expansion a \u00e9t\u00e9 cr\u00e9\u00e9 en 1990 et William Higgons en est devenu le g\u00e9rant en 1992.\" \/>\n<meta name=\"robots\" content=\"index, follow, max-snippet:-1, max-image-preview:large, max-video-preview:-1\" \/>\n<link rel=\"canonical\" href=\"https:\/\/www.independance-am.com\/es\/quienes-somos\/nuestra-historia\/\" \/>\n<meta property=\"og:locale\" content=\"es_ES\" \/>\n<meta property=\"og:type\" content=\"article\" \/>\n<meta property=\"og:title\" content=\"Nuestra historia - Ind\u00e9pendance AM\" \/>\n<meta property=\"og:description\" content=\"Le fonds Ind\u00e9pendance et Expansion a \u00e9t\u00e9 cr\u00e9\u00e9 en 1990 et William Higgons en est devenu le g\u00e9rant en 1992.\" \/>\n<meta property=\"og:url\" content=\"https:\/\/www.independance-am.com\/es\/quienes-somos\/nuestra-historia\/\" \/>\n<meta property=\"og:site_name\" content=\"Ind\u00e9pendance AM\" \/>\n<meta property=\"article:modified_time\" content=\"2023-03-01T14:26:35+00:00\" \/>\n<meta name=\"twitter:card\" content=\"summary_large_image\" \/>\n<meta name=\"twitter:label1\" content=\"Est. reading time\" \/>\n\t<meta name=\"twitter:data1\" content=\"3 minutes\" \/>\n<script type=\"application\/ld+json\" class=\"yoast-schema-graph\">{\"@context\":\"https:\/\/schema.org\",\"@graph\":[{\"@type\":\"WebPage\",\"@id\":\"https:\/\/www.independance-am.com\/es\/quienes-somos\/nuestra-historia\/\",\"url\":\"https:\/\/www.independance-am.com\/es\/quienes-somos\/nuestra-historia\/\",\"name\":\"Nuestra historia - Ind\u00e9pendance AM\",\"isPartOf\":{\"@id\":\"https:\/\/www.independance-am.com\/#website\"},\"datePublished\":\"2023-01-04T09:54:21+00:00\",\"dateModified\":\"2023-03-01T14:26:35+00:00\",\"description\":\"Le fonds Ind\u00e9pendance et Expansion a \u00e9t\u00e9 cr\u00e9\u00e9 en 1990 et William Higgons en est devenu le g\u00e9rant en 1992.\",\"breadcrumb\":{\"@id\":\"https:\/\/www.independance-am.com\/es\/quienes-somos\/nuestra-historia\/#breadcrumb\"},\"inLanguage\":\"es-ES\",\"potentialAction\":[{\"@type\":\"ReadAction\",\"target\":[\"https:\/\/www.independance-am.com\/es\/quienes-somos\/nuestra-historia\/\"]}]},{\"@type\":\"BreadcrumbList\",\"@id\":\"https:\/\/www.independance-am.com\/es\/quienes-somos\/nuestra-historia\/#breadcrumb\",\"itemListElement\":[{\"@type\":\"ListItem\",\"position\":1,\"name\":\"Accueil\",\"item\":\"https:\/\/www.independance-am.com\/es\/\"},{\"@type\":\"ListItem\",\"position\":2,\"name\":\"Qui\u00e9nes somos\",\"item\":\"https:\/\/www.independance-am.com\/es\/quienes-somos\/\"},{\"@type\":\"ListItem\",\"position\":3,\"name\":\"Nuestra historia\"}]},{\"@type\":\"WebSite\",\"@id\":\"https:\/\/www.independance-am.com\/#website\",\"url\":\"https:\/\/www.independance-am.com\/\",\"name\":\"Ind\u00e9pendance AM\",\"description\":\"\",\"potentialAction\":[{\"@type\":\"SearchAction\",\"target\":{\"@type\":\"EntryPoint\",\"urlTemplate\":\"https:\/\/www.independance-am.com\/?s={search_term_string}\"},\"query-input\":{\"@type\":\"PropertyValueSpecification\",\"valueRequired\":true,\"valueName\":\"search_term_string\"}}],\"inLanguage\":\"es-ES\"}]}<\/script>\n<!-- \/ Yoast SEO plugin. -->","yoast_head_json":{"title":"Nuestra historia - Ind\u00e9pendance AM","description":"Le fonds Ind\u00e9pendance et Expansion a \u00e9t\u00e9 cr\u00e9\u00e9 en 1990 et William Higgons en est devenu le g\u00e9rant en 1992.","robots":{"index":"index","follow":"follow","max-snippet":"max-snippet:-1","max-image-preview":"max-image-preview:large","max-video-preview":"max-video-preview:-1"},"canonical":"https:\/\/www.independance-am.com\/es\/quienes-somos\/nuestra-historia\/","og_locale":"es_ES","og_type":"article","og_title":"Nuestra historia - Ind\u00e9pendance AM","og_description":"Le fonds Ind\u00e9pendance et Expansion a \u00e9t\u00e9 cr\u00e9\u00e9 en 1990 et William Higgons en est devenu le g\u00e9rant en 1992.","og_url":"https:\/\/www.independance-am.com\/es\/quienes-somos\/nuestra-historia\/","og_site_name":"Ind\u00e9pendance AM","article_modified_time":"2023-03-01T14:26:35+00:00","twitter_card":"summary_large_image","twitter_misc":{"Est. reading time":"3 minutes"},"schema":{"@context":"https:\/\/schema.org","@graph":[{"@type":"WebPage","@id":"https:\/\/www.independance-am.com\/es\/quienes-somos\/nuestra-historia\/","url":"https:\/\/www.independance-am.com\/es\/quienes-somos\/nuestra-historia\/","name":"Nuestra historia - Ind\u00e9pendance AM","isPartOf":{"@id":"https:\/\/www.independance-am.com\/#website"},"datePublished":"2023-01-04T09:54:21+00:00","dateModified":"2023-03-01T14:26:35+00:00","description":"Le fonds Ind\u00e9pendance et Expansion a \u00e9t\u00e9 cr\u00e9\u00e9 en 1990 et William Higgons en est devenu le g\u00e9rant en 1992.","breadcrumb":{"@id":"https:\/\/www.independance-am.com\/es\/quienes-somos\/nuestra-historia\/#breadcrumb"},"inLanguage":"es-ES","potentialAction":[{"@type":"ReadAction","target":["https:\/\/www.independance-am.com\/es\/quienes-somos\/nuestra-historia\/"]}]},{"@type":"BreadcrumbList","@id":"https:\/\/www.independance-am.com\/es\/quienes-somos\/nuestra-historia\/#breadcrumb","itemListElement":[{"@type":"ListItem","position":1,"name":"Accueil","item":"https:\/\/www.independance-am.com\/es\/"},{"@type":"ListItem","position":2,"name":"Qui\u00e9nes somos","item":"https:\/\/www.independance-am.com\/es\/quienes-somos\/"},{"@type":"ListItem","position":3,"name":"Nuestra historia"}]},{"@type":"WebSite","@id":"https:\/\/www.independance-am.com\/#website","url":"https:\/\/www.independance-am.com\/","name":"Ind\u00e9pendance AM","description":"","potentialAction":[{"@type":"SearchAction","target":{"@type":"EntryPoint","urlTemplate":"https:\/\/www.independance-am.com\/?s={search_term_string}"},"query-input":{"@type":"PropertyValueSpecification","valueRequired":true,"valueName":"search_term_string"}}],"inLanguage":"es-ES"}]}},"_links":{"self":[{"href":"https:\/\/www.independance-am.com\/es\/wp-json\/wp\/v2\/pages\/3035","targetHints":{"allow":["GET"]}}],"collection":[{"href":"https:\/\/www.independance-am.com\/es\/wp-json\/wp\/v2\/pages"}],"about":[{"href":"https:\/\/www.independance-am.com\/es\/wp-json\/wp\/v2\/types\/page"}],"author":[{"embeddable":true,"href":"https:\/\/www.independance-am.com\/es\/wp-json\/wp\/v2\/users\/1"}],"replies":[{"embeddable":true,"href":"https:\/\/www.independance-am.com\/es\/wp-json\/wp\/v2\/comments?post=3035"}],"version-history":[{"count":4,"href":"https:\/\/www.independance-am.com\/es\/wp-json\/wp\/v2\/pages\/3035\/revisions"}],"predecessor-version":[{"id":3043,"href":"https:\/\/www.independance-am.com\/es\/wp-json\/wp\/v2\/pages\/3035\/revisions\/3043"}],"up":[{"embeddable":true,"href":"https:\/\/www.independance-am.com\/es\/wp-json\/wp\/v2\/pages\/3009"}],"wp:attachment":[{"href":"https:\/\/www.independance-am.com\/es\/wp-json\/wp\/v2\/media?parent=3035"}],"curies":[{"name":"wp","href":"https:\/\/api.w.org\/{rel}","templated":true}]}}